{"id":49,"date":"2023-09-15T20:42:19","date_gmt":"2023-09-15T20:42:19","guid":{"rendered":"https:\/\/padelton.dk\/?page_id=49"},"modified":"2024-11-06T15:47:15","modified_gmt":"2024-11-06T15:47:15","slug":"priser","status":"publish","type":"page","link":"https:\/\/padelton.dk\/?page_id=49","title":{"rendered":"\u00c5BNINGSTIDER OG PRISER"},"content":{"rendered":"\t\t<div data-elementor-type=\"wp-page\" data-elementor-id=\"49\" class=\"elementor elementor-49\">\n\t\t\t\t<div class=\"elementor-element elementor-element-7a91c136 e-flex e-con-boxed e-con e-parent\" data-id=\"7a91c136\" data-element_type=\"container\" data-e-type=\"container\" data-settings=\"{&quot;background_background&quot;:&quot;classic&quot;}\">\n\t\t\t\t\t<div class=\"e-con-inner\">\n\t\t\t\t<div class=\"elementor-element elementor-element-6908028 elementor-widget elementor-widget-heading\" data-id=\"6908028\" data-element_type=\"widget\" data-e-type=\"widget\" data-widget_type=\"heading.default\">\n\t\t\t\t<div class=\"elementor-widget-container\">\n\t\t\t\t\t<h2 class=\"elementor-heading-title elementor-size-default\">\u00c5BNINGSTIDER OG PRISOVERSIGT<\/h2>\t\t\t\t<\/div>\n\t\t\t\t<\/div>\n\t\t\t\t\t<\/div>\n\t\t\t\t<\/div>\n\t\t<div class=\"elementor-element elementor-element-4e83250 e-flex e-con-boxed e-con e-parent\" data-id=\"4e83250\" data-element_type=\"container\" data-e-type=\"container\" data-settings=\"{&quot;background_background&quot;:&quot;classic&quot;}\">\n\t\t\t\t\t<div class=\"e-con-inner\">\n\t\t<div class=\"elementor-element elementor-element-9bf56f7 e-con-full e-flex e-con e-child\" data-id=\"9bf56f7\" data-element_type=\"container\" data-e-type=\"container\">\n\t\t\t\t<div class=\"elementor-element elementor-element-3f6d4e5f elementor-widget elementor-widget-heading\" data-id=\"3f6d4e5f\" data-element_type=\"widget\" data-e-type=\"widget\" data-widget_type=\"heading.default\">\n\t\t\t\t<div class=\"elementor-widget-container\">\n\t\t\t\t\t<h2 class=\"elementor-heading-title elementor-size-default\">\u00c5BNINGSTIDER OG PRISOVERSIGT HOS PADELTON<\/h2>\t\t\t\t<\/div>\n\t\t\t\t<\/div>\n\t\t\t\t<div class=\"elementor-element elementor-element-695e2a0 elementor-widget elementor-widget-text-editor\" data-id=\"695e2a0\" data-element_type=\"widget\" data-e-type=\"widget\" data-widget_type=\"text-editor.default\">\n\t\t\t\t<div class=\"elementor-widget-container\">\n\t\t\t\t\t\t\t\t\t<div><p class=\"x_MsoNormal\">Padelton H\u00f8rning er \u00e5bent alle ugens dage fra kl. 06.00-00.00. <br \/><span style=\"font-size: 16px;\">Book din bane p\u00e5 Matchi, og brug din tilsendte kode til l\u00e5se d\u00f8ren op. <\/span><span style=\"font-size: 16px;\">Der kan k\u00f8bes bolde, lejebat &amp; drikkevarer i hele centerets \u00e5bningstid.<\/span><\/p><\/div>\t\t\t\t\t\t\t\t<\/div>\n\t\t\t\t<\/div>\n\t\t\t\t<\/div>\n\t\t<div class=\"elementor-element elementor-element-dea6e61 e-con-full e-flex e-con e-child\" data-id=\"dea6e61\" data-element_type=\"container\" data-e-type=\"container\">\n\t\t\t\t<div class=\"elementor-element elementor-element-7d9bd3df elementor-widget elementor-widget-text-editor\" data-id=\"7d9bd3df\" data-element_type=\"widget\" data-e-type=\"widget\" data-widget_type=\"text-editor.default\">\n\t\t\t\t<div class=\"elementor-widget-container\">\n\t\t\t\t\t\t\t\t\t<h4 class=\"x_MsoNormal\"><b>Mandag &#8211; Torsdag<\/b><\/h4><div><h6 class=\"x_MsoNormal\">Doublebaner:<\/h6><p class=\"x_MsoNormal\"><span style=\"font-size: 16px;\">06.00-07.00 &#8211; 100,-\/timen<br \/><br \/><\/span><span style=\"font-size: 16px;\">07.00-09.00 &#8211; 180,-\/timen<\/span><\/p><\/div><div><p class=\"x_MsoNormal\">09.00-15.00 &#8211; 125,-\/timen<\/p><\/div><div><p class=\"x_MsoNormal\">15.00-22.00 &#8211; 280,-\/timen<br \/><span style=\"font-size: 16px;\">(Mest popul\u00e6re)<\/span><\/p><\/div><div><p class=\"x_MsoNormal\">22.00-00.00 &#8211; 125,-\/timen<\/p><\/div><div><h6 class=\"x_MsoNormal\">Single banen<\/h6><\/div><div><p class=\"x_MsoNormal\"><span style=\"font-size: 16px;\">06.00-15.00 &#8211; 100,-\/timen<\/span><\/p><\/div><div><p class=\"x_MsoNormal\">15.00-22.00 &#8211; 180,-\/timen<\/p><\/div><p class=\"x_MsoNormal\">22.00-00.00 &#8211; 125,-\/timen<\/p>\t\t\t\t\t\t\t\t<\/div>\n\t\t\t\t<\/div>\n\t\t\t\t<\/div>\n\t\t<div class=\"elementor-element elementor-element-02e1ec8 e-con-full e-flex e-con e-child\" data-id=\"02e1ec8\" data-element_type=\"container\" data-e-type=\"container\">\n\t\t\t\t<div class=\"elementor-element elementor-element-cbf4d97 elementor-widget elementor-widget-text-editor\" data-id=\"cbf4d97\" data-element_type=\"widget\" data-e-type=\"widget\" data-widget_type=\"text-editor.default\">\n\t\t\t\t<div class=\"elementor-widget-container\">\n\t\t\t\t\t\t\t\t\t<h4 class=\"x_MsoNormal\"><b>Fredag<\/b><\/h4><div><h6 class=\"x_MsoNormal\">Doublebaner:<\/h6><\/div><div><p class=\"x_MsoNormal\"><span style=\"font-size: 16px;\">06.00-07.00 &#8211; 100,-\/timen<\/span><\/p><\/div><div><p class=\"x_MsoNormal\">07.00-09.00 &#8211; 180,-\/timen<\/p><\/div><div><p class=\"x_MsoNormal\">09.00-15.00 &#8211; 125,-\/timen<\/p><\/div><div><p class=\"x_MsoNormal\">15.00-18.00 &#8211; 280,-\/timen<\/p><\/div><div><p class=\"x_MsoNormal\">18.00-22.00 &#8211; 180,-\/timen<\/p><\/div><div><p class=\"x_MsoNormal\">22.00-00.00 &#8211; 125,-\/timen<\/p><\/div><div><h6 class=\"x_MsoNormal\">Single banen<\/h6><\/div><div><p class=\"x_MsoNormal\"><span style=\"font-size: 16px;\">06.00-15.00 &#8211; 100,-\/timen<\/span><\/p><\/div><div><p class=\"x_MsoNormal\">15.00-18.00 &#8211; 180,-\/timen<\/p><\/div><p class=\"x_MsoNormal\">18.00-00.00 &#8211; 125,-\/timen<\/p>\t\t\t\t\t\t\t\t<\/div>\n\t\t\t\t<\/div>\n\t\t\t\t<\/div>\n\t\t<div class=\"elementor-element elementor-element-f38eb65 e-con-full e-flex e-con e-child\" data-id=\"f38eb65\" data-element_type=\"container\" data-e-type=\"container\">\n\t\t\t\t<div class=\"elementor-element elementor-element-944bdaa elementor-widget elementor-widget-text-editor\" data-id=\"944bdaa\" data-element_type=\"widget\" data-e-type=\"widget\" data-widget_type=\"text-editor.default\">\n\t\t\t\t<div class=\"elementor-widget-container\">\n\t\t\t\t\t\t\t\t\t<h4 class=\"x_MsoNormal\"><b>L\u00f8rdag &#8211; S\u00f8ndag<\/b><\/h4><div><h6 class=\"x_MsoNormal\">Doublebaner:<\/h6><\/div><div><p class=\"x_MsoNormal\"><span style=\"font-size: 16px;\">06.00-07.00 &#8211; 100,-\/timen<\/span><\/p><\/div><div><p class=\"x_MsoNormal\">07.00-18.00 &#8211; 220,-\/timen<br \/><span style=\"font-size: 16px;\">(Mest popul\u00e6re)<\/span><\/p><\/div><div><p class=\"x_MsoNormal\">18.00-22.00 &#8211; 180,-\/timen<\/p><\/div><div><p class=\"x_MsoNormal\">22.00-00.00 &#8211; 125,-\/timen<\/p><\/div><div><h6 class=\"x_MsoNormal\">Single banen<\/h6><\/div><div><p class=\"x_MsoNormal\"><span style=\"font-size: 16px;\">06.00-07.00 &#8211; 100,-\/timen<\/span><\/p><\/div><div><p class=\"x_MsoNormal\">07.00-18.00 &#8211; 180,-\/timen<\/p><\/div><p class=\"x_MsoNormal\">18.00-00.00 &#8211; 125,-\/timen<\/p>\t\t\t\t\t\t\t\t<\/div>\n\t\t\t\t<\/div>\n\t\t\t\t<\/div>\n\t\t\t\t\t<\/div>\n\t\t\t\t<\/div>\n\t\t<div class=\"elementor-element elementor-element-4f1d7daf e-flex e-con-boxed e-con e-parent\" data-id=\"4f1d7daf\" data-element_type=\"container\" data-e-type=\"container\">\n\t\t\t\t\t<div class=\"e-con-inner\">\n\t\t<div class=\"elementor-element elementor-element-26765889 e-con-full e-flex e-con e-child\" data-id=\"26765889\" data-element_type=\"container\" data-e-type=\"container\">\n\t\t\t\t<div class=\"elementor-element elementor-element-2c2cdd3 elementor-widget elementor-widget-heading\" data-id=\"2c2cdd3\" data-element_type=\"widget\" data-e-type=\"widget\" data-widget_type=\"heading.default\">\n\t\t\t\t<div class=\"elementor-widget-container\">\n\t\t\t\t\t<h2 class=\"elementor-heading-title elementor-size-default\">VORES SPONSORER<\/h2>\t\t\t\t<\/div>\n\t\t\t\t<\/div>\n\t\t\t\t<\/div>\n\t\t<div class=\"elementor-element elementor-element-13bf5815 e-con-full e-flex e-con e-child\" data-id=\"13bf5815\" data-element_type=\"container\" data-e-type=\"container\">\n\t\t\t\t<div class=\"elementor-element elementor-element-67d89cfa elementor-align-right elementor-widget elementor-widget-button\" data-id=\"67d89cfa\" data-element_type=\"widget\" data-e-type=\"widget\" data-widget_type=\"button.default\">\n\t\t\t\t<div class=\"elementor-widget-container\">\n\t\t\t\t\t\t\t\t\t<div class=\"elementor-button-wrapper\">\n\t\t\t\t\t<a class=\"elementor-button elementor-button-link elementor-size-sm\" href=\"https:\/\/padelton.dk\/?page_id=61\">\n\t\t\t\t\t\t<span class=\"elementor-button-content-wrapper\">\n\t\t\t\t\t\t\t\t\t<span class=\"elementor-button-text\">BLIV SPONSOR<\/span>\n\t\t\t\t\t<\/span>\n\t\t\t\t\t<\/a>\n\t\t\t\t<\/div>\n\t\t\t\t\t\t\t\t<\/div>\n\t\t\t\t<\/div>\n\t\t\t\t<\/div>\n\t\t\t\t\t<\/div>\n\t\t\t\t<\/div>\n\t\t<div class=\"elementor-element elementor-element-3cccc3c9 e-flex e-con-boxed e-con e-parent\" data-id=\"3cccc3c9\" data-element_type=\"container\" data-e-type=\"container\">\n\t\t\t\t\t<div class=\"e-con-inner\">\n\t\t\t\t<div class=\"elementor-element elementor-element-5a26b053 elementor-arrows-position-inside elementor-pagination-position-outside elementor-widget elementor-widget-image-carousel\" data-id=\"5a26b053\" data-element_type=\"widget\" data-e-type=\"widget\" data-settings=\"{&quot;navigation&quot;:&quot;both&quot;,&quot;autoplay&quot;:&quot;yes&quot;,&quot;pause_on_hover&quot;:&quot;yes&quot;,&quot;pause_on_interaction&quot;:&quot;yes&quot;,&quot;autoplay_speed&quot;:5000,&quot;infinite&quot;:&quot;yes&quot;,&quot;speed&quot;:500}\" data-widget_type=\"image-carousel.default\">\n\t\t\t\t<div class=\"elementor-widget-container\">\n\t\t\t\t\t\t\t<div class=\"elementor-image-carousel-wrapper swiper\" role=\"region\" aria-roledescription=\"carousel\" aria-label=\"Image Carousel\" dir=\"ltr\">\n\t\t\t<div class=\"elementor-image-carousel swiper-wrapper\" aria-live=\"off\">\n\t\t\t\t\t\t\t\t<div class=\"swiper-slide\" role=\"group\" aria-roledescription=\"slide\" aria-label=\"1 of 16\"><figure class=\"swiper-slide-inner\"><img decoding=\"async\" class=\"swiper-slide-image\" src=\"https:\/\/padelton.dk\/wp-content\/uploads\/2023\/10\/SCHANTZ-REVISION-paddel-150x150.png\" alt=\"Schantz Revision\" \/><\/figure><\/div><div class=\"swiper-slide\" role=\"group\" aria-roledescription=\"slide\" aria-label=\"2 of 16\"><figure class=\"swiper-slide-inner\"><img decoding=\"async\" class=\"swiper-slide-image\" src=\"https:\/\/padelton.dk\/wp-content\/uploads\/2023\/10\/745854_1_14_2stk_300x300cm-150x150.png\" alt=\"745854_1_14_2stk_300x300cm\" \/><\/figure><\/div><div class=\"swiper-slide\" role=\"group\" aria-roledescription=\"slide\" aria-label=\"3 of 16\"><figure class=\"swiper-slide-inner\"><img decoding=\"async\" class=\"swiper-slide-image\" src=\"https:\/\/padelton.dk\/wp-content\/uploads\/2023\/10\/745854_1_13_1stk_300x300cm.png\" alt=\"\" \/><\/figure><\/div><div class=\"swiper-slide\" role=\"group\" aria-roledescription=\"slide\" aria-label=\"4 of 16\"><figure class=\"swiper-slide-inner\"><img decoding=\"async\" class=\"swiper-slide-image\" src=\"https:\/\/padelton.dk\/wp-content\/uploads\/2023\/10\/745854_1_12_1stk_300x300cm-150x150.png\" alt=\"745854_1_12_1stk_300x300cm\" \/><\/figure><\/div><div class=\"swiper-slide\" role=\"group\" aria-roledescription=\"slide\" aria-label=\"5 of 16\"><figure class=\"swiper-slide-inner\"><img decoding=\"async\" class=\"swiper-slide-image\" src=\"https:\/\/padelton.dk\/wp-content\/uploads\/2023\/10\/745854_1_11_1stk_300x300cm-150x150.png\" alt=\"745854_1_11_1stk_300x300cm\" \/><\/figure><\/div><div class=\"swiper-slide\" role=\"group\" aria-roledescription=\"slide\" aria-label=\"6 of 16\"><figure class=\"swiper-slide-inner\"><img decoding=\"async\" class=\"swiper-slide-image\" src=\"https:\/\/padelton.dk\/wp-content\/uploads\/2023\/10\/745854_1_8_1stk_300x300cm-150x150.png\" alt=\"745854_1_8_1stk_300x300cm\" \/><\/figure><\/div><div class=\"swiper-slide\" role=\"group\" aria-roledescription=\"slide\" aria-label=\"7 of 16\"><figure class=\"swiper-slide-inner\"><img decoding=\"async\" class=\"swiper-slide-image\" src=\"https:\/\/padelton.dk\/wp-content\/uploads\/2023\/10\/745854_1_7_1stk_300x300cm-150x150.png\" alt=\"745854_1_7_1stk_300x300cm\" \/><\/figure><\/div><div class=\"swiper-slide\" role=\"group\" aria-roledescription=\"slide\" aria-label=\"8 of 16\"><figure class=\"swiper-slide-inner\"><img decoding=\"async\" class=\"swiper-slide-image\" src=\"https:\/\/padelton.dk\/wp-content\/uploads\/2023\/10\/745854_1_6_1stk_300x300cm-150x150.png\" alt=\"745854_1_6_1stk_300x300cm\" \/><\/figure><\/div><div class=\"swiper-slide\" role=\"group\" aria-roledescription=\"slide\" aria-label=\"9 of 16\"><figure class=\"swiper-slide-inner\"><img decoding=\"async\" class=\"swiper-slide-image\" src=\"https:\/\/padelton.dk\/wp-content\/uploads\/2023\/10\/745854_1_5_1stk_300x300cm-150x150.png\" alt=\"745854_1_5_1stk_300x300cm\" \/><\/figure><\/div><div class=\"swiper-slide\" role=\"group\" aria-roledescription=\"slide\" aria-label=\"10 of 16\"><figure class=\"swiper-slide-inner\"><img decoding=\"async\" class=\"swiper-slide-image\" src=\"https:\/\/padelton.dk\/wp-content\/uploads\/2023\/10\/745854_1_4_1stk_300x300cm-150x150.png\" alt=\"745854_1_4_1stk_300x300cm\" \/><\/figure><\/div><div class=\"swiper-slide\" role=\"group\" aria-roledescription=\"slide\" aria-label=\"11 of 16\"><figure class=\"swiper-slide-inner\"><img decoding=\"async\" class=\"swiper-slide-image\" src=\"https:\/\/padelton.dk\/wp-content\/uploads\/2023\/10\/745854_1_3_1stk_300x300cm-150x150.png\" alt=\"745854_1_3_1stk_300x300cm\" \/><\/figure><\/div><div class=\"swiper-slide\" role=\"group\" aria-roledescription=\"slide\" aria-label=\"12 of 16\"><figure class=\"swiper-slide-inner\"><img decoding=\"async\" class=\"swiper-slide-image\" src=\"https:\/\/padelton.dk\/wp-content\/uploads\/2023\/10\/745854_1_2_1stk_300x300cm-150x150.png\" alt=\"745854_1_2_1stk_300x300cm\" \/><\/figure><\/div><div class=\"swiper-slide\" role=\"group\" aria-roledescription=\"slide\" aria-label=\"13 of 16\"><figure class=\"swiper-slide-inner\"><img decoding=\"async\" class=\"swiper-slide-image\" src=\"https:\/\/padelton.dk\/wp-content\/uploads\/2023\/10\/745854_1_1_1stk_300x300cm-150x150.png\" alt=\"745854_1_1_1stk_300x300cm\" \/><\/figure><\/div><div class=\"swiper-slide\" role=\"group\" aria-roledescription=\"slide\" aria-label=\"14 of 16\"><figure class=\"swiper-slide-inner\"><img decoding=\"async\" class=\"swiper-slide-image\" src=\"https:\/\/padelton.dk\/wp-content\/uploads\/2023\/10\/745854_1_9_1stk_300x300cm-1.png\" alt=\"745854_1_9_1stk_300x300cm\" \/><\/figure><\/div><div class=\"swiper-slide\" role=\"group\" aria-roledescription=\"slide\" aria-label=\"15 of 16\"><figure class=\"swiper-slide-inner\"><img decoding=\"async\" class=\"swiper-slide-image\" src=\"https:\/\/padelton.dk\/wp-content\/uploads\/2024\/10\/Image_Editor-150x150.png\" alt=\"Image_Editor\" \/><\/figure><\/div><div class=\"swiper-slide\" role=\"group\" aria-roledescription=\"slide\" aria-label=\"16 of 16\"><figure class=\"swiper-slide-inner\"><img decoding=\"async\" class=\"swiper-slide-image\" src=\"https:\/\/padelton.dk\/wp-content\/uploads\/2024\/10\/Image_Editor-1-150x150.png\" alt=\"Image_Editor (1)\" \/><\/figure><\/div>\t\t\t<\/div>\n\t\t\t\t\t\t\t\t\t\t\t\t<div class=\"elementor-swiper-button elementor-swiper-button-prev\" role=\"button\" tabindex=\"0\">\n\t\t\t\t\t\t<i aria-hidden=\"true\" class=\"eicon-chevron-left\"><\/i>\t\t\t\t\t<\/div>\n\t\t\t\t\t<div class=\"elementor-swiper-button elementor-swiper-button-next\" role=\"button\" tabindex=\"0\">\n\t\t\t\t\t\t<i aria-hidden=\"true\" class=\"eicon-chevron-right\"><\/i>\t\t\t\t\t<\/div>\n\t\t\t\t\n\t\t\t\t\t\t\t\t\t<div class=\"swiper-pagination\"><\/div>\n\t\t\t\t\t\t\t\t\t<\/div>\n\t\t\t\t\t\t<\/div>\n\t\t\t\t<\/div>\n\t\t\t\t\t<\/div>\n\t\t\t\t<\/div>\n\t\t\t\t<\/div>\n\t\t","protected":false},"excerpt":{"rendered":"<p>\u00c5BNINGSTIDER OG PRISOVERSIGT \u00c5BNINGSTIDER OG PRISOVERSIGT HOS PADELTON Padelton H\u00f8rning er \u00e5bent alle ugens dage fra kl. 06.00-00.00. Book din bane p\u00e5 Matchi, og brug din tilsendte kode til l\u00e5se d\u00f8ren op. Der kan k\u00f8bes bolde, lejebat &amp; drikkevarer i hele centerets \u00e5bningstid. Mandag &#8211; Torsdag Doublebaner: 06.00-07.00 &#8211; 100,-\/timen 07.00-09.00 &#8211; 180,-\/timen 09.00-15.00 &#8211; &hellip;<\/p>\n<p class=\"read-more\"> <a class=\"\" href=\"https:\/\/padelton.dk\/?page_id=49\"> <span class=\"screen-reader-text\">\u00c5BNINGSTIDER OG PRISER<\/span> Read More &raquo;<\/a><\/p>\n","protected":false},"author":1,"featured_media":0,"parent":0,"menu_order":0,"comment_status":"closed","ping_status":"closed","template":"","meta":{"site-sidebar-layout":"no-sidebar","site-content-layout":"","ast-site-content-layout":"full-width-container","site-content-style":"default","site-sidebar-style":"default","ast-global-header-display":"","ast-banner-title-visibility":"","ast-main-header-display":"","ast-hfb-above-header-display":"","ast-hfb-below-header-display":"","ast-hfb-mobile-header-display":"","site-post-title":"disabled","ast-breadcrumbs-content":"","ast-featured-img":"disabled","footer-sml-layout":"","theme-transparent-header-meta":"","adv-header-id-meta":"","stick-header-meta":"","header-above-stick-meta":"","header-main-stick-meta":"","header-below-stick-meta":"","astra-migrate-meta-layouts":"","footnotes":""},"class_list":["post-49","page","type-page","status-publish","hentry"],"_links":{"self":[{"href":"https:\/\/padelton.dk\/index.php?rest_route=\/wp\/v2\/pages\/49","targetHints":{"allow":["GET"]}}],"collection":[{"href":"https:\/\/padelton.dk\/index.php?rest_route=\/wp\/v2\/pages"}],"about":[{"href":"https:\/\/padelton.dk\/index.php?rest_route=\/wp\/v2\/types\/page"}],"author":[{"embeddable":true,"href":"https:\/\/padelton.dk\/index.php?rest_route=\/wp\/v2\/users\/1"}],"replies":[{"embeddable":true,"href":"https:\/\/padelton.dk\/index.php?rest_route=%2Fwp%2Fv2%2Fcomments&post=49"}],"version-history":[{"count":47,"href":"https:\/\/padelton.dk\/index.php?rest_route=\/wp\/v2\/pages\/49\/revisions"}],"predecessor-version":[{"id":879,"href":"https:\/\/padelton.dk\/index.php?rest_route=\/wp\/v2\/pages\/49\/revisions\/879"}],"wp:attachment":[{"href":"https:\/\/padelton.dk\/index.php?rest_route=%2Fwp%2Fv2%2Fmedia&parent=49"}],"curies":[{"name":"wp","href":"https:\/\/api.w.org\/{rel}","templated":true}]}}