{"id":53,"date":"2023-09-15T20:43:17","date_gmt":"2023-09-15T20:43:17","guid":{"rendered":"https:\/\/padelton.dk\/?page_id=53"},"modified":"2024-11-06T15:51:35","modified_gmt":"2024-11-06T15:51:35","slug":"faciliteter","status":"publish","type":"page","link":"https:\/\/padelton.dk\/?page_id=53","title":{"rendered":"FACILITETER"},"content":{"rendered":"\t\t<div data-elementor-type=\"wp-page\" data-elementor-id=\"53\" class=\"elementor elementor-53\">\n\t\t\t\t<div class=\"elementor-element elementor-element-e120f79 e-flex e-con-boxed e-con e-parent\" data-id=\"e120f79\" data-element_type=\"container\" data-e-type=\"container\" data-settings=\"{&quot;background_background&quot;:&quot;classic&quot;}\">\n\t\t\t\t\t<div class=\"e-con-inner\">\n\t\t\t\t<div class=\"elementor-element elementor-element-3b2a5ba6 elementor-widget elementor-widget-heading\" data-id=\"3b2a5ba6\" data-element_type=\"widget\" data-e-type=\"widget\" data-widget_type=\"heading.default\">\n\t\t\t\t<div class=\"elementor-widget-container\">\n\t\t\t\t\t<h2 class=\"elementor-heading-title elementor-size-default\">FACILITETER <\/h2>\t\t\t\t<\/div>\n\t\t\t\t<\/div>\n\t\t\t\t\t<\/div>\n\t\t\t\t<\/div>\n\t\t<div class=\"elementor-element elementor-element-75966bd9 e-flex e-con-boxed e-con e-parent\" data-id=\"75966bd9\" data-element_type=\"container\" data-e-type=\"container\" data-settings=\"{&quot;background_background&quot;:&quot;classic&quot;}\">\n\t\t\t\t\t<div class=\"e-con-inner\">\n\t\t<div class=\"elementor-element elementor-element-3475ba67 e-con-full e-flex e-con e-child\" data-id=\"3475ba67\" data-element_type=\"container\" data-e-type=\"container\">\n\t\t\t\t<div class=\"elementor-element elementor-element-5fc174a7 elementor-widget elementor-widget-heading\" data-id=\"5fc174a7\" data-element_type=\"widget\" data-e-type=\"widget\" data-widget_type=\"heading.default\">\n\t\t\t\t<div class=\"elementor-widget-container\">\n\t\t\t\t\t<h2 class=\"elementor-heading-title elementor-size-default\">FACILITETER <\/h2>\t\t\t\t<\/div>\n\t\t\t\t<\/div>\n\t\t\t\t<div class=\"elementor-element elementor-element-3063c271 elementor-widget elementor-widget-text-editor\" data-id=\"3063c271\" data-element_type=\"widget\" data-e-type=\"widget\" data-widget_type=\"text-editor.default\">\n\t\t\t\t<div class=\"elementor-widget-container\">\n\t\t\t\t\t\t\t\t\t<p>Vi har 5 doublebaner og 1 single bane. Derudover vil du finde 2 omkl\u00e6dningsrum, loungeomr\u00e5de, plads til tilskuere til bane 1, og et ikke afsk\u00e6rmet m\u00f8delokale.<\/p><p class=\"x_MsoNormal\"><b>Parkering<br \/><\/b><span style=\"font-size: 16px;\">Vi har naturligvis gratis parkering til alle vores spillere og tilskuere.<\/span><\/p><div><p class=\"x_MsoNormal\"><b>Boldkanon til tr\u00e6ning<br \/><\/b><span style=\"font-size: 16px;\">Vil du smugtr\u00e6ne har vi en boldkanon til form\u00e5let. Her skal du kontakte forretningschefen med henblik p\u00e5 opl\u00e6ring i maskinen.<\/span><\/p><\/div>\t\t\t\t\t\t\t\t<\/div>\n\t\t\t\t<\/div>\n\t\t\t\t<div class=\"elementor-element elementor-element-e0efa2a elementor-align-left elementor-widget elementor-widget-button\" data-id=\"e0efa2a\" data-element_type=\"widget\" data-e-type=\"widget\" data-widget_type=\"button.default\">\n\t\t\t\t<div class=\"elementor-widget-container\">\n\t\t\t\t\t\t\t\t\t<div class=\"elementor-button-wrapper\">\n\t\t\t\t\t<a class=\"elementor-button elementor-button-link elementor-size-sm\" href=\"https:\/\/www.matchi.se\/facilities\/padeltonhorning\">\n\t\t\t\t\t\t<span class=\"elementor-button-content-wrapper\">\n\t\t\t\t\t\t\t\t\t<span class=\"elementor-button-text\">BOOK BANE<\/span>\n\t\t\t\t\t<\/span>\n\t\t\t\t\t<\/a>\n\t\t\t\t<\/div>\n\t\t\t\t\t\t\t\t<\/div>\n\t\t\t\t<\/div>\n\t\t\t\t<\/div>\n\t\t<div class=\"elementor-element elementor-element-74f163 e-con-full e-flex e-con e-child\" data-id=\"74f163\" data-element_type=\"container\" data-e-type=\"container\">\n\t\t\t\t<div class=\"elementor-element elementor-element-4e589384 elementor-widget elementor-widget-image\" data-id=\"4e589384\" data-element_type=\"widget\" data-e-type=\"widget\" data-widget_type=\"image.default\">\n\t\t\t\t<div class=\"elementor-widget-container\">\n\t\t\t\t\t\t\t\t\t\t\t\t\t\t\t<img fetchpriority=\"high\" decoding=\"async\" width=\"819\" height=\"1024\" src=\"https:\/\/padelton.dk\/wp-content\/uploads\/2024\/10\/image00015-819x1024.jpeg\" class=\"attachment-large size-large wp-image-724\" alt=\"\" srcset=\"https:\/\/padelton.dk\/wp-content\/uploads\/2024\/10\/image00015-819x1024.jpeg 819w, https:\/\/padelton.dk\/wp-content\/uploads\/2024\/10\/image00015-240x300.jpeg 240w, https:\/\/padelton.dk\/wp-content\/uploads\/2024\/10\/image00015-768x960.jpeg 768w, https:\/\/padelton.dk\/wp-content\/uploads\/2024\/10\/image00015-1229x1536.jpeg 1229w, https:\/\/padelton.dk\/wp-content\/uploads\/2024\/10\/image00015.jpeg 1620w\" sizes=\"(max-width: 819px) 100vw, 819px\" \/>\t\t\t\t\t\t\t\t\t\t\t\t\t\t\t<\/div>\n\t\t\t\t<\/div>\n\t\t\t\t<\/div>\n\t\t\t\t\t<\/div>\n\t\t\t\t<\/div>\n\t\t<div class=\"elementor-element elementor-element-4722c76 e-flex e-con-boxed e-con e-parent\" data-id=\"4722c76\" data-element_type=\"container\" data-e-type=\"container\">\n\t\t\t\t\t<div class=\"e-con-inner\">\n\t\t<div class=\"elementor-element elementor-element-23c70489 e-con-full e-flex e-con e-child\" data-id=\"23c70489\" data-element_type=\"container\" data-e-type=\"container\">\n\t\t\t\t<div class=\"elementor-element elementor-element-5bde0c23 elementor-widget elementor-widget-image\" data-id=\"5bde0c23\" data-element_type=\"widget\" data-e-type=\"widget\" data-widget_type=\"image.default\">\n\t\t\t\t<div class=\"elementor-widget-container\">\n\t\t\t\t\t\t\t\t\t\t\t\t\t\t\t<img decoding=\"async\" width=\"768\" height=\"1024\" src=\"https:\/\/padelton.dk\/wp-content\/uploads\/2024\/10\/image00019-1-768x1024.jpeg\" class=\"attachment-large size-large wp-image-768\" alt=\"\" srcset=\"https:\/\/padelton.dk\/wp-content\/uploads\/2024\/10\/image00019-1-768x1024.jpeg 768w, https:\/\/padelton.dk\/wp-content\/uploads\/2024\/10\/image00019-1-225x300.jpeg 225w, https:\/\/padelton.dk\/wp-content\/uploads\/2024\/10\/image00019-1-1152x1536.jpeg 1152w, https:\/\/padelton.dk\/wp-content\/uploads\/2024\/10\/image00019-1-1536x2048.jpeg 1536w, https:\/\/padelton.dk\/wp-content\/uploads\/2024\/10\/image00019-1-scaled.jpeg 1920w\" sizes=\"(max-width: 768px) 100vw, 768px\" \/>\t\t\t\t\t\t\t\t\t\t\t\t\t\t\t<\/div>\n\t\t\t\t<\/div>\n\t\t\t\t<\/div>\n\t\t<div class=\"elementor-element elementor-element-da103bb e-con-full e-flex e-con e-child\" data-id=\"da103bb\" data-element_type=\"container\" data-e-type=\"container\">\n\t\t\t\t<div class=\"elementor-element elementor-element-293a2cf0 elementor-widget elementor-widget-heading\" data-id=\"293a2cf0\" data-element_type=\"widget\" data-e-type=\"widget\" data-widget_type=\"heading.default\">\n\t\t\t\t<div class=\"elementor-widget-container\">\n\t\t\t\t\t<h2 class=\"elementor-heading-title elementor-size-default\">VORES LOUNGE OG M\u00d8DELOKALER<\/h2>\t\t\t\t<\/div>\n\t\t\t\t<\/div>\n\t\t\t\t<div class=\"elementor-element elementor-element-484a07b2 elementor-widget elementor-widget-text-editor\" data-id=\"484a07b2\" data-element_type=\"widget\" data-e-type=\"widget\" data-widget_type=\"text-editor.default\">\n\t\t\t\t<div class=\"elementor-widget-container\">\n\t\t\t\t\t\t\t\t\t<div><p class=\"x_MsoNormal\"><b>Lounge omr\u00e5det<br \/><\/b><span style=\"font-size: 16px;\">I Padelton finder du 2 lounge omr\u00e5der. Alle vores g\u00e6ster er meget velkommen til at h\u00e6nge ud i lounge omr\u00e5derne b\u00e5de f\u00f8r og efter spil. Det er muligt at k\u00f8be drikkevarer i k\u00f8leskabene, eller tanke sig en kold fad\u00f8l.<\/span><\/p><\/div><div><p class=\"x_MsoNormal\"><span style=\"font-size: 16px;\">Alt er selvbetjening, og betaling via Mobilepay <\/span><span style=\"font-size: 16px;\">(Omr\u00e5det er videooverv\u00e5get).<\/span><\/p><\/div>\t\t\t\t\t\t\t\t<\/div>\n\t\t\t\t<\/div>\n\t\t\t\t<div class=\"elementor-element elementor-element-37f325d1 elementor-align-left elementor-widget elementor-widget-button\" data-id=\"37f325d1\" data-element_type=\"widget\" data-e-type=\"widget\" data-widget_type=\"button.default\">\n\t\t\t\t<div class=\"elementor-widget-container\">\n\t\t\t\t\t\t\t\t\t<div class=\"elementor-button-wrapper\">\n\t\t\t\t\t<a class=\"elementor-button elementor-size-sm\" role=\"button\">\n\t\t\t\t\t\t<span class=\"elementor-button-content-wrapper\">\n\t\t\t\t\t\t\t\t\t<span class=\"elementor-button-text\">Skriv til Info@padelton.dk<\/span>\n\t\t\t\t\t<\/span>\n\t\t\t\t\t<\/a>\n\t\t\t\t<\/div>\n\t\t\t\t\t\t\t\t<\/div>\n\t\t\t\t<\/div>\n\t\t\t\t<\/div>\n\t\t\t\t\t<\/div>\n\t\t\t\t<\/div>\n\t\t<div class=\"elementor-element elementor-element-7ee1dbbb e-flex e-con-boxed e-con e-parent\" data-id=\"7ee1dbbb\" data-element_type=\"container\" data-e-type=\"container\" data-settings=\"{&quot;background_background&quot;:&quot;classic&quot;}\">\n\t\t\t\t\t<div class=\"e-con-inner\">\n\t\t<div class=\"elementor-element elementor-element-32b0d71c e-con-full e-flex e-con e-child\" data-id=\"32b0d71c\" data-element_type=\"container\" data-e-type=\"container\">\n\t\t\t\t<div class=\"elementor-element elementor-element-ce02bb9 elementor-widget elementor-widget-heading\" data-id=\"ce02bb9\" data-element_type=\"widget\" data-e-type=\"widget\" data-widget_type=\"heading.default\">\n\t\t\t\t<div class=\"elementor-widget-container\">\n\t\t\t\t\t<h2 class=\"elementor-heading-title elementor-size-default\">VORES BADEFACILITETER OG OMKL\u00c6DNINGSRUM<\/h2>\t\t\t\t<\/div>\n\t\t\t\t<\/div>\n\t\t\t\t<div class=\"elementor-element elementor-element-485766e6 elementor-widget elementor-widget-text-editor\" data-id=\"485766e6\" data-element_type=\"widget\" data-e-type=\"widget\" data-widget_type=\"text-editor.default\">\n\t\t\t\t<div class=\"elementor-widget-container\">\n\t\t\t\t\t\t\t\t\t<div><p class=\"x_MsoNormal\"><b>Badefaciliteter og omkl\u00e6dningsrum<br \/><\/b><span style=\"font-size: 16px;\">I Padelton H\u00f8rning finder du b\u00e5de herrer og dameomkl\u00e6dningsrum med 3 brusere i hvert omkl\u00e6dningsrum. Herudover er der toilet &amp; handicap toilet til f\u00e6lles brug.\u00a0<\/span><\/p><\/div><div><p class=\"x_MsoNormal\">Glemte sager placeres i en glemte sager kasse, som t\u00f8mmes d. 1 i hver m\u00e5ned.\u00a0<\/p><\/div>\t\t\t\t\t\t\t\t<\/div>\n\t\t\t\t<\/div>\n\t\t\t\t<div class=\"elementor-element elementor-element-5cd94788 elementor-align-left elementor-widget elementor-widget-button\" data-id=\"5cd94788\" data-element_type=\"widget\" data-e-type=\"widget\" data-widget_type=\"button.default\">\n\t\t\t\t<div class=\"elementor-widget-container\">\n\t\t\t\t\t\t\t\t\t<div class=\"elementor-button-wrapper\">\n\t\t\t\t\t<a class=\"elementor-button elementor-button-link elementor-size-sm\" href=\"https:\/\/padelton.dk\/?page_id=63\">\n\t\t\t\t\t\t<span class=\"elementor-button-content-wrapper\">\n\t\t\t\t\t\t\t\t\t<span class=\"elementor-button-text\">KONTAKT OS<\/span>\n\t\t\t\t\t<\/span>\n\t\t\t\t\t<\/a>\n\t\t\t\t<\/div>\n\t\t\t\t\t\t\t\t<\/div>\n\t\t\t\t<\/div>\n\t\t\t\t<\/div>\n\t\t<div class=\"elementor-element elementor-element-4b71e3ea e-con-full e-flex e-con e-child\" data-id=\"4b71e3ea\" data-element_type=\"container\" data-e-type=\"container\">\n\t\t\t\t<div class=\"elementor-element elementor-element-5db060c elementor-widget elementor-widget-image\" data-id=\"5db060c\" data-element_type=\"widget\" data-e-type=\"widget\" data-widget_type=\"image.default\">\n\t\t\t\t<div class=\"elementor-widget-container\">\n\t\t\t\t\t\t\t\t\t\t\t\t\t\t\t<img decoding=\"async\" width=\"504\" height=\"503\" src=\"https:\/\/padelton.dk\/wp-content\/uploads\/2023\/09\/Rum-3.jpg\" class=\"attachment-large size-large wp-image-111\" alt=\"\" srcset=\"https:\/\/padelton.dk\/wp-content\/uploads\/2023\/09\/Rum-3.jpg 504w, https:\/\/padelton.dk\/wp-content\/uploads\/2023\/09\/Rum-3-300x300.jpg 300w, https:\/\/padelton.dk\/wp-content\/uploads\/2023\/09\/Rum-3-150x150.jpg 150w\" sizes=\"(max-width: 504px) 100vw, 504px\" \/>\t\t\t\t\t\t\t\t\t\t\t\t\t\t\t<\/div>\n\t\t\t\t<\/div>\n\t\t\t\t<\/div>\n\t\t\t\t\t<\/div>\n\t\t\t\t<\/div>\n\t\t<div class=\"elementor-element elementor-element-69a3fb3e e-flex e-con-boxed e-con e-parent\" data-id=\"69a3fb3e\" data-element_type=\"container\" data-e-type=\"container\">\n\t\t\t\t\t<div class=\"e-con-inner\">\n\t\t<div class=\"elementor-element elementor-element-3e8854a7 e-con-full e-flex e-con e-child\" data-id=\"3e8854a7\" data-element_type=\"container\" data-e-type=\"container\">\n\t\t\t\t<div class=\"elementor-element elementor-element-8a12b4a elementor-widget elementor-widget-heading\" data-id=\"8a12b4a\" data-element_type=\"widget\" data-e-type=\"widget\" data-widget_type=\"heading.default\">\n\t\t\t\t<div class=\"elementor-widget-container\">\n\t\t\t\t\t<h2 class=\"elementor-heading-title elementor-size-default\">VORES SPONSORER<\/h2>\t\t\t\t<\/div>\n\t\t\t\t<\/div>\n\t\t\t\t<\/div>\n\t\t<div class=\"elementor-element elementor-element-5d336c30 e-con-full e-flex e-con e-child\" data-id=\"5d336c30\" data-element_type=\"container\" data-e-type=\"container\">\n\t\t\t\t<div class=\"elementor-element elementor-element-368c2e74 elementor-align-right elementor-widget elementor-widget-button\" data-id=\"368c2e74\" data-element_type=\"widget\" data-e-type=\"widget\" data-widget_type=\"button.default\">\n\t\t\t\t<div class=\"elementor-widget-container\">\n\t\t\t\t\t\t\t\t\t<div class=\"elementor-button-wrapper\">\n\t\t\t\t\t<a class=\"elementor-button elementor-button-link elementor-size-sm\" href=\"https:\/\/padelton.dk\/?page_id=61\">\n\t\t\t\t\t\t<span class=\"elementor-button-content-wrapper\">\n\t\t\t\t\t\t\t\t\t<span class=\"elementor-button-text\">BLIV SPONSOR<\/span>\n\t\t\t\t\t<\/span>\n\t\t\t\t\t<\/a>\n\t\t\t\t<\/div>\n\t\t\t\t\t\t\t\t<\/div>\n\t\t\t\t<\/div>\n\t\t\t\t<\/div>\n\t\t\t\t\t<\/div>\n\t\t\t\t<\/div>\n\t\t<div class=\"elementor-element elementor-element-5c1f9b72 e-flex e-con-boxed e-con e-parent\" data-id=\"5c1f9b72\" data-element_type=\"container\" data-e-type=\"container\">\n\t\t\t\t\t<div class=\"e-con-inner\">\n\t\t\t\t<div class=\"elementor-element elementor-element-7015625 elementor-arrows-position-inside elementor-pagination-position-outside elementor-widget elementor-widget-image-carousel\" data-id=\"7015625\" data-element_type=\"widget\" data-e-type=\"widget\" data-settings=\"{&quot;navigation&quot;:&quot;both&quot;,&quot;autoplay&quot;:&quot;yes&quot;,&quot;pause_on_hover&quot;:&quot;yes&quot;,&quot;pause_on_interaction&quot;:&quot;yes&quot;,&quot;autoplay_speed&quot;:5000,&quot;infinite&quot;:&quot;yes&quot;,&quot;speed&quot;:500}\" data-widget_type=\"image-carousel.default\">\n\t\t\t\t<div class=\"elementor-widget-container\">\n\t\t\t\t\t\t\t<div class=\"elementor-image-carousel-wrapper swiper\" role=\"region\" aria-roledescription=\"carousel\" aria-label=\"Image Carousel\" dir=\"ltr\">\n\t\t\t<div class=\"elementor-image-carousel swiper-wrapper\" aria-live=\"off\">\n\t\t\t\t\t\t\t\t<div class=\"swiper-slide\" role=\"group\" aria-roledescription=\"slide\" aria-label=\"1 of 16\"><figure class=\"swiper-slide-inner\"><img decoding=\"async\" class=\"swiper-slide-image\" src=\"https:\/\/padelton.dk\/wp-content\/uploads\/2023\/10\/SCHANTZ-REVISION-paddel-150x150.png\" alt=\"Schantz Revision\" \/><\/figure><\/div><div class=\"swiper-slide\" role=\"group\" aria-roledescription=\"slide\" aria-label=\"2 of 16\"><figure class=\"swiper-slide-inner\"><img decoding=\"async\" class=\"swiper-slide-image\" src=\"https:\/\/padelton.dk\/wp-content\/uploads\/2023\/10\/745854_1_14_2stk_300x300cm-150x150.png\" alt=\"745854_1_14_2stk_300x300cm\" \/><\/figure><\/div><div class=\"swiper-slide\" role=\"group\" aria-roledescription=\"slide\" aria-label=\"3 of 16\"><figure class=\"swiper-slide-inner\"><img decoding=\"async\" class=\"swiper-slide-image\" src=\"https:\/\/padelton.dk\/wp-content\/uploads\/2023\/10\/745854_1_13_1stk_300x300cm.png\" alt=\"\" \/><\/figure><\/div><div class=\"swiper-slide\" role=\"group\" aria-roledescription=\"slide\" aria-label=\"4 of 16\"><figure class=\"swiper-slide-inner\"><img decoding=\"async\" class=\"swiper-slide-image\" src=\"https:\/\/padelton.dk\/wp-content\/uploads\/2023\/10\/745854_1_12_1stk_300x300cm-150x150.png\" alt=\"745854_1_12_1stk_300x300cm\" \/><\/figure><\/div><div class=\"swiper-slide\" role=\"group\" aria-roledescription=\"slide\" aria-label=\"5 of 16\"><figure class=\"swiper-slide-inner\"><img decoding=\"async\" class=\"swiper-slide-image\" src=\"https:\/\/padelton.dk\/wp-content\/uploads\/2023\/10\/745854_1_11_1stk_300x300cm-150x150.png\" alt=\"745854_1_11_1stk_300x300cm\" \/><\/figure><\/div><div class=\"swiper-slide\" role=\"group\" aria-roledescription=\"slide\" aria-label=\"6 of 16\"><figure class=\"swiper-slide-inner\"><img decoding=\"async\" class=\"swiper-slide-image\" src=\"https:\/\/padelton.dk\/wp-content\/uploads\/2023\/10\/745854_1_8_1stk_300x300cm-150x150.png\" alt=\"745854_1_8_1stk_300x300cm\" \/><\/figure><\/div><div class=\"swiper-slide\" role=\"group\" aria-roledescription=\"slide\" aria-label=\"7 of 16\"><figure class=\"swiper-slide-inner\"><img decoding=\"async\" class=\"swiper-slide-image\" src=\"https:\/\/padelton.dk\/wp-content\/uploads\/2023\/10\/745854_1_7_1stk_300x300cm-150x150.png\" alt=\"745854_1_7_1stk_300x300cm\" \/><\/figure><\/div><div class=\"swiper-slide\" role=\"group\" aria-roledescription=\"slide\" aria-label=\"8 of 16\"><figure class=\"swiper-slide-inner\"><img decoding=\"async\" class=\"swiper-slide-image\" src=\"https:\/\/padelton.dk\/wp-content\/uploads\/2023\/10\/745854_1_6_1stk_300x300cm-150x150.png\" alt=\"745854_1_6_1stk_300x300cm\" \/><\/figure><\/div><div class=\"swiper-slide\" role=\"group\" aria-roledescription=\"slide\" aria-label=\"9 of 16\"><figure class=\"swiper-slide-inner\"><img decoding=\"async\" class=\"swiper-slide-image\" src=\"https:\/\/padelton.dk\/wp-content\/uploads\/2023\/10\/745854_1_5_1stk_300x300cm-150x150.png\" alt=\"745854_1_5_1stk_300x300cm\" \/><\/figure><\/div><div class=\"swiper-slide\" role=\"group\" aria-roledescription=\"slide\" aria-label=\"10 of 16\"><figure class=\"swiper-slide-inner\"><img decoding=\"async\" class=\"swiper-slide-image\" src=\"https:\/\/padelton.dk\/wp-content\/uploads\/2023\/10\/745854_1_4_1stk_300x300cm-150x150.png\" alt=\"745854_1_4_1stk_300x300cm\" \/><\/figure><\/div><div class=\"swiper-slide\" role=\"group\" aria-roledescription=\"slide\" aria-label=\"11 of 16\"><figure class=\"swiper-slide-inner\"><img decoding=\"async\" class=\"swiper-slide-image\" src=\"https:\/\/padelton.dk\/wp-content\/uploads\/2023\/10\/745854_1_3_1stk_300x300cm-150x150.png\" alt=\"745854_1_3_1stk_300x300cm\" \/><\/figure><\/div><div class=\"swiper-slide\" role=\"group\" aria-roledescription=\"slide\" aria-label=\"12 of 16\"><figure class=\"swiper-slide-inner\"><img decoding=\"async\" class=\"swiper-slide-image\" src=\"https:\/\/padelton.dk\/wp-content\/uploads\/2023\/10\/745854_1_2_1stk_300x300cm-150x150.png\" alt=\"745854_1_2_1stk_300x300cm\" \/><\/figure><\/div><div class=\"swiper-slide\" role=\"group\" aria-roledescription=\"slide\" aria-label=\"13 of 16\"><figure class=\"swiper-slide-inner\"><img decoding=\"async\" class=\"swiper-slide-image\" src=\"https:\/\/padelton.dk\/wp-content\/uploads\/2023\/10\/745854_1_1_1stk_300x300cm-150x150.png\" alt=\"745854_1_1_1stk_300x300cm\" \/><\/figure><\/div><div class=\"swiper-slide\" role=\"group\" aria-roledescription=\"slide\" aria-label=\"14 of 16\"><figure class=\"swiper-slide-inner\"><img decoding=\"async\" class=\"swiper-slide-image\" src=\"https:\/\/padelton.dk\/wp-content\/uploads\/2023\/10\/745854_1_9_1stk_300x300cm-1.png\" alt=\"745854_1_9_1stk_300x300cm\" \/><\/figure><\/div><div class=\"swiper-slide\" role=\"group\" aria-roledescription=\"slide\" aria-label=\"15 of 16\"><figure class=\"swiper-slide-inner\"><img decoding=\"async\" class=\"swiper-slide-image\" src=\"https:\/\/padelton.dk\/wp-content\/uploads\/2024\/10\/Image_Editor-150x150.png\" alt=\"Image_Editor\" \/><\/figure><\/div><div class=\"swiper-slide\" role=\"group\" aria-roledescription=\"slide\" aria-label=\"16 of 16\"><figure class=\"swiper-slide-inner\"><img decoding=\"async\" class=\"swiper-slide-image\" src=\"https:\/\/padelton.dk\/wp-content\/uploads\/2024\/10\/Image_Editor-1-150x150.png\" alt=\"Image_Editor (1)\" \/><\/figure><\/div>\t\t\t<\/div>\n\t\t\t\t\t\t\t\t\t\t\t\t<div class=\"elementor-swiper-button elementor-swiper-button-prev\" role=\"button\" tabindex=\"0\">\n\t\t\t\t\t\t<i aria-hidden=\"true\" class=\"eicon-chevron-left\"><\/i>\t\t\t\t\t<\/div>\n\t\t\t\t\t<div class=\"elementor-swiper-button elementor-swiper-button-next\" role=\"button\" tabindex=\"0\">\n\t\t\t\t\t\t<i aria-hidden=\"true\" class=\"eicon-chevron-right\"><\/i>\t\t\t\t\t<\/div>\n\t\t\t\t\n\t\t\t\t\t\t\t\t\t<div class=\"swiper-pagination\"><\/div>\n\t\t\t\t\t\t\t\t\t<\/div>\n\t\t\t\t\t\t<\/div>\n\t\t\t\t<\/div>\n\t\t\t\t\t<\/div>\n\t\t\t\t<\/div>\n\t\t\t\t<\/div>\n\t\t","protected":false},"excerpt":{"rendered":"<p>FACILITETER FACILITETER Vi har 5 doublebaner og 1 single bane. Derudover vil du finde 2 omkl\u00e6dningsrum, loungeomr\u00e5de, plads til tilskuere til bane 1, og et ikke afsk\u00e6rmet m\u00f8delokale. ParkeringVi har naturligvis gratis parkering til alle vores spillere og tilskuere. Boldkanon til tr\u00e6ningVil du smugtr\u00e6ne har vi en boldkanon til form\u00e5let. Her skal du kontakte forretningschefen &hellip;<\/p>\n<p class=\"read-more\"> <a class=\"\" href=\"https:\/\/padelton.dk\/?page_id=53\"> <span class=\"screen-reader-text\">FACILITETER<\/span> Read More &raquo;<\/a><\/p>\n","protected":false},"author":1,"featured_media":0,"parent":0,"menu_order":0,"comment_status":"closed","ping_status":"closed","template":"","meta":{"site-sidebar-layout":"no-sidebar","site-content-layout":"","ast-site-content-layout":"full-width-container","site-content-style":"default","site-sidebar-style":"default","ast-global-header-display":"","ast-banner-title-visibility":"","ast-main-header-display":"","ast-hfb-above-header-display":"","ast-hfb-below-header-display":"","ast-hfb-mobile-header-display":"","site-post-title":"disabled","ast-breadcrumbs-content":"","ast-featured-img":"disabled","footer-sml-layout":"","theme-transparent-header-meta":"","adv-header-id-meta":"","stick-header-meta":"","header-above-stick-meta":"","header-main-stick-meta":"","header-below-stick-meta":"","astra-migrate-meta-layouts":"","footnotes":""},"class_list":["post-53","page","type-page","status-publish","hentry"],"_links":{"self":[{"href":"https:\/\/padelton.dk\/index.php?rest_route=\/wp\/v2\/pages\/53","targetHints":{"allow":["GET"]}}],"collection":[{"href":"https:\/\/padelton.dk\/index.php?rest_route=\/wp\/v2\/pages"}],"about":[{"href":"https:\/\/padelton.dk\/index.php?rest_route=\/wp\/v2\/types\/page"}],"author":[{"embeddable":true,"href":"https:\/\/padelton.dk\/index.php?rest_route=\/wp\/v2\/users\/1"}],"replies":[{"embeddable":true,"href":"https:\/\/padelton.dk\/index.php?rest_route=%2Fwp%2Fv2%2Fcomments&post=53"}],"version-history":[{"count":37,"href":"https:\/\/padelton.dk\/index.php?rest_route=\/wp\/v2\/pages\/53\/revisions"}],"predecessor-version":[{"id":883,"href":"https:\/\/padelton.dk\/index.php?rest_route=\/wp\/v2\/pages\/53\/revisions\/883"}],"wp:attachment":[{"href":"https:\/\/padelton.dk\/index.php?rest_route=%2Fwp%2Fv2%2Fmedia&parent=53"}],"curies":[{"name":"wp","href":"https:\/\/api.w.org\/{rel}","templated":true}]}}