{"id":59,"date":"2023-09-15T20:44:18","date_gmt":"2023-09-15T20:44:18","guid":{"rendered":"https:\/\/padelton.dk\/?page_id=59"},"modified":"2024-11-06T16:15:53","modified_gmt":"2024-11-06T16:15:53","slug":"firma-arregementer","status":"publish","type":"page","link":"https:\/\/padelton.dk\/?page_id=59","title":{"rendered":"FIRMA ARREGEMENTER"},"content":{"rendered":"\t\t<div data-elementor-type=\"wp-page\" data-elementor-id=\"59\" class=\"elementor elementor-59\">\n\t\t\t\t<div class=\"elementor-element elementor-element-64d5f254 e-flex e-con-boxed e-con e-parent\" data-id=\"64d5f254\" data-element_type=\"container\" data-e-type=\"container\" data-settings=\"{&quot;background_background&quot;:&quot;classic&quot;}\">\n\t\t\t\t\t<div class=\"e-con-inner\">\n\t\t\t\t<div class=\"elementor-element elementor-element-6c244c30 elementor-widget elementor-widget-heading\" data-id=\"6c244c30\" data-element_type=\"widget\" data-e-type=\"widget\" data-widget_type=\"heading.default\">\n\t\t\t\t<div class=\"elementor-widget-container\">\n\t\t\t\t\t<h2 class=\"elementor-heading-title elementor-size-default\">ARRANGEMENTER<\/h2>\t\t\t\t<\/div>\n\t\t\t\t<\/div>\n\t\t\t\t\t<\/div>\n\t\t\t\t<\/div>\n\t\t<div class=\"elementor-element elementor-element-1f6f484f e-flex e-con-boxed e-con e-parent\" data-id=\"1f6f484f\" data-element_type=\"container\" data-e-type=\"container\" data-settings=\"{&quot;background_background&quot;:&quot;classic&quot;}\">\n\t\t\t\t\t<div class=\"e-con-inner\">\n\t\t<div class=\"elementor-element elementor-element-47bd7a58 e-con-full e-flex e-con e-child\" data-id=\"47bd7a58\" data-element_type=\"container\" data-e-type=\"container\">\n\t\t\t\t<div class=\"elementor-element elementor-element-321a58ee elementor-widget elementor-widget-heading\" data-id=\"321a58ee\" data-element_type=\"widget\" data-e-type=\"widget\" data-widget_type=\"heading.default\">\n\t\t\t\t<div class=\"elementor-widget-container\">\n\t\t\t\t\t<h2 class=\"elementor-heading-title elementor-size-default\">LAD OS ST\u00c5 FOR DIT FIRMA ARRANGEMENT<\/h2>\t\t\t\t<\/div>\n\t\t\t\t<\/div>\n\t\t\t\t<div class=\"elementor-element elementor-element-30be5f59 elementor-widget elementor-widget-text-editor\" data-id=\"30be5f59\" data-element_type=\"widget\" data-e-type=\"widget\" data-widget_type=\"text-editor.default\">\n\t\t\t\t<div class=\"elementor-widget-container\">\n\t\t\t\t\t\t\t\t\t<div><p class=\"x_MsoNormal\">Lad vores forretningschef komme med et skr\u00e6ddersyet tilbud til jeres virksomhed. Klaus har de seneste \u00e5r arbejdet udelukkende med arrangementer og tr\u00e6ning indenfor padel.<\/p><\/div><p class=\"x_MsoNormal\">Derfor kan i trygt overlade ansvaret til os, s\u00e5 i kan have 100% fokus p\u00e5 at v\u00e6re en del af hyggen med kollegern.<\/p><p>Vores priser p\u00e5 arrangementer afh\u00e6nger af tidspunkter, og koster fra 99,- pr person og op.\u00a0<\/p>\t\t\t\t\t\t\t\t<\/div>\n\t\t\t\t<\/div>\n\t\t\t\t<div class=\"elementor-element elementor-element-3c5eac6c elementor-align-left elementor-widget elementor-widget-button\" data-id=\"3c5eac6c\" data-element_type=\"widget\" data-e-type=\"widget\" data-widget_type=\"button.default\">\n\t\t\t\t<div class=\"elementor-widget-container\">\n\t\t\t\t\t\t\t\t\t<div class=\"elementor-button-wrapper\">\n\t\t\t\t\t<a class=\"elementor-button elementor-button-link elementor-size-sm\" href=\"https:\/\/padelton.dk\/?page_id=63\">\n\t\t\t\t\t\t<span class=\"elementor-button-content-wrapper\">\n\t\t\t\t\t\t\t\t\t<span class=\"elementor-button-text\">KONTAKT OS<\/span>\n\t\t\t\t\t<\/span>\n\t\t\t\t\t<\/a>\n\t\t\t\t<\/div>\n\t\t\t\t\t\t\t\t<\/div>\n\t\t\t\t<\/div>\n\t\t\t\t<\/div>\n\t\t<div class=\"elementor-element elementor-element-20026871 e-con-full e-flex e-con e-child\" data-id=\"20026871\" data-element_type=\"container\" data-e-type=\"container\">\n\t\t\t\t<div class=\"elementor-element elementor-element-641dfe40 elementor-widget elementor-widget-image\" data-id=\"641dfe40\" data-element_type=\"widget\" data-e-type=\"widget\" data-widget_type=\"image.default\">\n\t\t\t\t<div class=\"elementor-widget-container\">\n\t\t\t\t\t\t\t\t\t\t\t\t\t\t\t<img fetchpriority=\"high\" decoding=\"async\" width=\"768\" height=\"1024\" src=\"https:\/\/padelton.dk\/wp-content\/uploads\/2024\/10\/image00018-1-768x1024.jpeg\" class=\"attachment-large size-large wp-image-767\" alt=\"\" srcset=\"https:\/\/padelton.dk\/wp-content\/uploads\/2024\/10\/image00018-1-768x1024.jpeg 768w, https:\/\/padelton.dk\/wp-content\/uploads\/2024\/10\/image00018-1-225x300.jpeg 225w, https:\/\/padelton.dk\/wp-content\/uploads\/2024\/10\/image00018-1-1152x1536.jpeg 1152w, https:\/\/padelton.dk\/wp-content\/uploads\/2024\/10\/image00018-1-1536x2048.jpeg 1536w, https:\/\/padelton.dk\/wp-content\/uploads\/2024\/10\/image00018-1-scaled.jpeg 1920w\" sizes=\"(max-width: 768px) 100vw, 768px\" \/>\t\t\t\t\t\t\t\t\t\t\t\t\t\t\t<\/div>\n\t\t\t\t<\/div>\n\t\t\t\t<\/div>\n\t\t\t\t\t<\/div>\n\t\t\t\t<\/div>\n\t\t<div class=\"elementor-element elementor-element-76fa0f61 e-flex e-con-boxed e-con e-parent\" data-id=\"76fa0f61\" data-element_type=\"container\" data-e-type=\"container\">\n\t\t\t\t\t<div class=\"e-con-inner\">\n\t\t<div class=\"elementor-element elementor-element-683cd1ee e-con-full e-flex e-con e-child\" data-id=\"683cd1ee\" data-element_type=\"container\" data-e-type=\"container\">\n\t\t\t\t<div class=\"elementor-element elementor-element-7252326 elementor-widget elementor-widget-heading\" data-id=\"7252326\" data-element_type=\"widget\" data-e-type=\"widget\" data-widget_type=\"heading.default\">\n\t\t\t\t<div class=\"elementor-widget-container\">\n\t\t\t\t\t<h2 class=\"elementor-heading-title elementor-size-default\">VORES SPONSORER<\/h2>\t\t\t\t<\/div>\n\t\t\t\t<\/div>\n\t\t\t\t<\/div>\n\t\t<div class=\"elementor-element elementor-element-2d245a76 e-con-full e-flex e-con e-child\" data-id=\"2d245a76\" data-element_type=\"container\" data-e-type=\"container\">\n\t\t\t\t<div class=\"elementor-element elementor-element-7b574007 elementor-align-right elementor-widget elementor-widget-button\" data-id=\"7b574007\" data-element_type=\"widget\" data-e-type=\"widget\" data-widget_type=\"button.default\">\n\t\t\t\t<div class=\"elementor-widget-container\">\n\t\t\t\t\t\t\t\t\t<div class=\"elementor-button-wrapper\">\n\t\t\t\t\t<a class=\"elementor-button elementor-button-link elementor-size-sm\" href=\"https:\/\/padelton.dk\/?page_id=61\">\n\t\t\t\t\t\t<span class=\"elementor-button-content-wrapper\">\n\t\t\t\t\t\t\t\t\t<span class=\"elementor-button-text\">BLIV SPONSOR<\/span>\n\t\t\t\t\t<\/span>\n\t\t\t\t\t<\/a>\n\t\t\t\t<\/div>\n\t\t\t\t\t\t\t\t<\/div>\n\t\t\t\t<\/div>\n\t\t\t\t<\/div>\n\t\t\t\t\t<\/div>\n\t\t\t\t<\/div>\n\t\t<div class=\"elementor-element elementor-element-50a4955d e-flex e-con-boxed e-con e-parent\" data-id=\"50a4955d\" data-element_type=\"container\" data-e-type=\"container\">\n\t\t\t\t\t<div class=\"e-con-inner\">\n\t\t\t\t<div class=\"elementor-element elementor-element-40500d65 elementor-arrows-position-inside elementor-pagination-position-outside elementor-widget elementor-widget-image-carousel\" data-id=\"40500d65\" data-element_type=\"widget\" data-e-type=\"widget\" data-settings=\"{&quot;navigation&quot;:&quot;both&quot;,&quot;autoplay&quot;:&quot;yes&quot;,&quot;pause_on_hover&quot;:&quot;yes&quot;,&quot;pause_on_interaction&quot;:&quot;yes&quot;,&quot;autoplay_speed&quot;:5000,&quot;infinite&quot;:&quot;yes&quot;,&quot;speed&quot;:500}\" data-widget_type=\"image-carousel.default\">\n\t\t\t\t<div class=\"elementor-widget-container\">\n\t\t\t\t\t\t\t<div class=\"elementor-image-carousel-wrapper swiper\" role=\"region\" aria-roledescription=\"carousel\" aria-label=\"Image Carousel\" dir=\"ltr\">\n\t\t\t<div class=\"elementor-image-carousel swiper-wrapper\" aria-live=\"off\">\n\t\t\t\t\t\t\t\t<div class=\"swiper-slide\" role=\"group\" aria-roledescription=\"slide\" aria-label=\"1 of 16\"><figure class=\"swiper-slide-inner\"><img decoding=\"async\" class=\"swiper-slide-image\" src=\"https:\/\/padelton.dk\/wp-content\/uploads\/2023\/10\/SCHANTZ-REVISION-paddel-150x150.png\" alt=\"Schantz Revision\" \/><\/figure><\/div><div class=\"swiper-slide\" role=\"group\" aria-roledescription=\"slide\" aria-label=\"2 of 16\"><figure class=\"swiper-slide-inner\"><img decoding=\"async\" class=\"swiper-slide-image\" src=\"https:\/\/padelton.dk\/wp-content\/uploads\/2023\/10\/745854_1_14_2stk_300x300cm-150x150.png\" alt=\"745854_1_14_2stk_300x300cm\" \/><\/figure><\/div><div class=\"swiper-slide\" role=\"group\" aria-roledescription=\"slide\" aria-label=\"3 of 16\"><figure class=\"swiper-slide-inner\"><img decoding=\"async\" class=\"swiper-slide-image\" src=\"https:\/\/padelton.dk\/wp-content\/uploads\/2023\/10\/745854_1_13_1stk_300x300cm.png\" alt=\"\" \/><\/figure><\/div><div class=\"swiper-slide\" role=\"group\" aria-roledescription=\"slide\" aria-label=\"4 of 16\"><figure class=\"swiper-slide-inner\"><img decoding=\"async\" class=\"swiper-slide-image\" src=\"https:\/\/padelton.dk\/wp-content\/uploads\/2023\/10\/745854_1_12_1stk_300x300cm-150x150.png\" alt=\"745854_1_12_1stk_300x300cm\" \/><\/figure><\/div><div class=\"swiper-slide\" role=\"group\" aria-roledescription=\"slide\" aria-label=\"5 of 16\"><figure class=\"swiper-slide-inner\"><img decoding=\"async\" class=\"swiper-slide-image\" src=\"https:\/\/padelton.dk\/wp-content\/uploads\/2023\/10\/745854_1_11_1stk_300x300cm-150x150.png\" alt=\"745854_1_11_1stk_300x300cm\" \/><\/figure><\/div><div class=\"swiper-slide\" role=\"group\" aria-roledescription=\"slide\" aria-label=\"6 of 16\"><figure class=\"swiper-slide-inner\"><img decoding=\"async\" class=\"swiper-slide-image\" src=\"https:\/\/padelton.dk\/wp-content\/uploads\/2023\/10\/745854_1_8_1stk_300x300cm-150x150.png\" alt=\"745854_1_8_1stk_300x300cm\" \/><\/figure><\/div><div class=\"swiper-slide\" role=\"group\" aria-roledescription=\"slide\" aria-label=\"7 of 16\"><figure class=\"swiper-slide-inner\"><img decoding=\"async\" class=\"swiper-slide-image\" src=\"https:\/\/padelton.dk\/wp-content\/uploads\/2023\/10\/745854_1_7_1stk_300x300cm-150x150.png\" alt=\"745854_1_7_1stk_300x300cm\" \/><\/figure><\/div><div class=\"swiper-slide\" role=\"group\" aria-roledescription=\"slide\" aria-label=\"8 of 16\"><figure class=\"swiper-slide-inner\"><img decoding=\"async\" class=\"swiper-slide-image\" src=\"https:\/\/padelton.dk\/wp-content\/uploads\/2023\/10\/745854_1_6_1stk_300x300cm-150x150.png\" alt=\"745854_1_6_1stk_300x300cm\" \/><\/figure><\/div><div class=\"swiper-slide\" role=\"group\" aria-roledescription=\"slide\" aria-label=\"9 of 16\"><figure class=\"swiper-slide-inner\"><img decoding=\"async\" class=\"swiper-slide-image\" src=\"https:\/\/padelton.dk\/wp-content\/uploads\/2023\/10\/745854_1_5_1stk_300x300cm-150x150.png\" alt=\"745854_1_5_1stk_300x300cm\" \/><\/figure><\/div><div class=\"swiper-slide\" role=\"group\" aria-roledescription=\"slide\" aria-label=\"10 of 16\"><figure class=\"swiper-slide-inner\"><img decoding=\"async\" class=\"swiper-slide-image\" src=\"https:\/\/padelton.dk\/wp-content\/uploads\/2023\/10\/745854_1_4_1stk_300x300cm-150x150.png\" alt=\"745854_1_4_1stk_300x300cm\" \/><\/figure><\/div><div class=\"swiper-slide\" role=\"group\" aria-roledescription=\"slide\" aria-label=\"11 of 16\"><figure class=\"swiper-slide-inner\"><img decoding=\"async\" class=\"swiper-slide-image\" src=\"https:\/\/padelton.dk\/wp-content\/uploads\/2023\/10\/745854_1_3_1stk_300x300cm-150x150.png\" alt=\"745854_1_3_1stk_300x300cm\" \/><\/figure><\/div><div class=\"swiper-slide\" role=\"group\" aria-roledescription=\"slide\" aria-label=\"12 of 16\"><figure class=\"swiper-slide-inner\"><img decoding=\"async\" class=\"swiper-slide-image\" src=\"https:\/\/padelton.dk\/wp-content\/uploads\/2023\/10\/745854_1_2_1stk_300x300cm-150x150.png\" alt=\"745854_1_2_1stk_300x300cm\" \/><\/figure><\/div><div class=\"swiper-slide\" role=\"group\" aria-roledescription=\"slide\" aria-label=\"13 of 16\"><figure class=\"swiper-slide-inner\"><img decoding=\"async\" class=\"swiper-slide-image\" src=\"https:\/\/padelton.dk\/wp-content\/uploads\/2023\/10\/745854_1_1_1stk_300x300cm-150x150.png\" alt=\"745854_1_1_1stk_300x300cm\" \/><\/figure><\/div><div class=\"swiper-slide\" role=\"group\" aria-roledescription=\"slide\" aria-label=\"14 of 16\"><figure class=\"swiper-slide-inner\"><img decoding=\"async\" class=\"swiper-slide-image\" src=\"https:\/\/padelton.dk\/wp-content\/uploads\/2023\/10\/745854_1_9_1stk_300x300cm-1.png\" alt=\"745854_1_9_1stk_300x300cm\" \/><\/figure><\/div><div class=\"swiper-slide\" role=\"group\" aria-roledescription=\"slide\" aria-label=\"15 of 16\"><figure class=\"swiper-slide-inner\"><img decoding=\"async\" class=\"swiper-slide-image\" src=\"https:\/\/padelton.dk\/wp-content\/uploads\/2024\/10\/Image_Editor-150x150.png\" alt=\"Image_Editor\" \/><\/figure><\/div><div class=\"swiper-slide\" role=\"group\" aria-roledescription=\"slide\" aria-label=\"16 of 16\"><figure class=\"swiper-slide-inner\"><img decoding=\"async\" class=\"swiper-slide-image\" src=\"https:\/\/padelton.dk\/wp-content\/uploads\/2024\/10\/Image_Editor-1-150x150.png\" alt=\"Image_Editor (1)\" \/><\/figure><\/div>\t\t\t<\/div>\n\t\t\t\t\t\t\t\t\t\t\t\t<div class=\"elementor-swiper-button elementor-swiper-button-prev\" role=\"button\" tabindex=\"0\">\n\t\t\t\t\t\t<i aria-hidden=\"true\" class=\"eicon-chevron-left\"><\/i>\t\t\t\t\t<\/div>\n\t\t\t\t\t<div class=\"elementor-swiper-button elementor-swiper-button-next\" role=\"button\" tabindex=\"0\">\n\t\t\t\t\t\t<i aria-hidden=\"true\" class=\"eicon-chevron-right\"><\/i>\t\t\t\t\t<\/div>\n\t\t\t\t\n\t\t\t\t\t\t\t\t\t<div class=\"swiper-pagination\"><\/div>\n\t\t\t\t\t\t\t\t\t<\/div>\n\t\t\t\t\t\t<\/div>\n\t\t\t\t<\/div>\n\t\t\t\t\t<\/div>\n\t\t\t\t<\/div>\n\t\t\t\t<\/div>\n\t\t","protected":false},"excerpt":{"rendered":"<p>ARRANGEMENTER LAD OS ST\u00c5 FOR DIT FIRMA ARRANGEMENT Lad vores forretningschef komme med et skr\u00e6ddersyet tilbud til jeres virksomhed. Klaus har de seneste \u00e5r arbejdet udelukkende med arrangementer og tr\u00e6ning indenfor padel. Derfor kan i trygt overlade ansvaret til os, s\u00e5 i kan have 100% fokus p\u00e5 at v\u00e6re en del af hyggen med kollegern. &hellip;<\/p>\n<p class=\"read-more\"> <a class=\"\" href=\"https:\/\/padelton.dk\/?page_id=59\"> <span class=\"screen-reader-text\">FIRMA ARREGEMENTER<\/span> Read More &raquo;<\/a><\/p>\n","protected":false},"author":1,"featured_media":0,"parent":0,"menu_order":0,"comment_status":"closed","ping_status":"closed","template":"","meta":{"site-sidebar-layout":"no-sidebar","site-content-layout":"","ast-site-content-layout":"full-width-container","site-content-style":"default","site-sidebar-style":"default","ast-global-header-display":"","ast-banner-title-visibility":"","ast-main-header-display":"","ast-hfb-above-header-display":"","ast-hfb-below-header-display":"","ast-hfb-mobile-header-display":"","site-post-title":"disabled","ast-breadcrumbs-content":"","ast-featured-img":"disabled","footer-sml-layout":"","theme-transparent-header-meta":"","adv-header-id-meta":"","stick-header-meta":"","header-above-stick-meta":"","header-main-stick-meta":"","header-below-stick-meta":"","astra-migrate-meta-layouts":"","footnotes":""},"class_list":["post-59","page","type-page","status-publish","hentry"],"_links":{"self":[{"href":"https:\/\/padelton.dk\/index.php?rest_route=\/wp\/v2\/pages\/59","targetHints":{"allow":["GET"]}}],"collection":[{"href":"https:\/\/padelton.dk\/index.php?rest_route=\/wp\/v2\/pages"}],"about":[{"href":"https:\/\/padelton.dk\/index.php?rest_route=\/wp\/v2\/types\/page"}],"author":[{"embeddable":true,"href":"https:\/\/padelton.dk\/index.php?rest_route=\/wp\/v2\/users\/1"}],"replies":[{"embeddable":true,"href":"https:\/\/padelton.dk\/index.php?rest_route=%2Fwp%2Fv2%2Fcomments&post=59"}],"version-history":[{"count":47,"href":"https:\/\/padelton.dk\/index.php?rest_route=\/wp\/v2\/pages\/59\/revisions"}],"predecessor-version":[{"id":891,"href":"https:\/\/padelton.dk\/index.php?rest_route=\/wp\/v2\/pages\/59\/revisions\/891"}],"wp:attachment":[{"href":"https:\/\/padelton.dk\/index.php?rest_route=%2Fwp%2Fv2%2Fmedia&parent=59"}],"curies":[{"name":"wp","href":"https:\/\/api.w.org\/{rel}","templated":true}]}}