{"id":798,"date":"2024-10-27T21:05:50","date_gmt":"2024-10-27T21:05:50","guid":{"rendered":"https:\/\/padelton.dk\/?page_id=798"},"modified":"2025-10-17T12:21:50","modified_gmt":"2025-10-17T12:21:50","slug":"ungdomstraening-by-padelton","status":"publish","type":"page","link":"https:\/\/padelton.dk\/?page_id=798","title":{"rendered":"Ungdomstr\u00e6ning \/By Padelton"},"content":{"rendered":"\t\t<div data-elementor-type=\"wp-page\" data-elementor-id=\"798\" class=\"elementor elementor-798\">\n\t\t\t\t<div class=\"elementor-element elementor-element-380f5424 e-flex e-con-boxed e-con e-parent\" data-id=\"380f5424\" data-element_type=\"container\" data-e-type=\"container\" data-settings=\"{&quot;background_background&quot;:&quot;classic&quot;}\">\n\t\t\t\t\t<div class=\"e-con-inner\">\n\t\t\t\t<div class=\"elementor-element elementor-element-43a15b02 elementor-widget elementor-widget-heading\" data-id=\"43a15b02\" data-element_type=\"widget\" data-e-type=\"widget\" data-widget_type=\"heading.default\">\n\t\t\t\t<div class=\"elementor-widget-container\">\n\t\t\t\t\t<h2 class=\"elementor-heading-title elementor-size-default\">Ungdomstr\u00e6ning i Padelton H\u00f8rning<\/h2>\t\t\t\t<\/div>\n\t\t\t\t<\/div>\n\t\t\t\t\t<\/div>\n\t\t\t\t<\/div>\n\t\t<div class=\"elementor-element elementor-element-763b68b4 e-flex e-con-boxed e-con e-parent\" data-id=\"763b68b4\" data-element_type=\"container\" data-e-type=\"container\" data-settings=\"{&quot;background_background&quot;:&quot;classic&quot;}\">\n\t\t\t\t\t<div class=\"e-con-inner\">\n\t\t<div class=\"elementor-element elementor-element-2dad880e e-con-full e-flex e-con e-child\" data-id=\"2dad880e\" data-element_type=\"container\" data-e-type=\"container\">\n\t\t\t\t<div class=\"elementor-element elementor-element-38038a2f elementor-widget elementor-widget-heading\" data-id=\"38038a2f\" data-element_type=\"widget\" data-e-type=\"widget\" data-widget_type=\"heading.default\">\n\t\t\t\t<div class=\"elementor-widget-container\">\n\t\t\t\t\t<h2 class=\"elementor-heading-title elementor-size-default\"><br><br><u>Padelton startede i efter\u00e5ret 2023 et ungdomskoncept op i samarbejde med Web2Media. Fra efter\u00e5ret 2025 er alle vores ungdomsmedlemmer overdraget til H\u00f8rning Padel Forening, hvorfor du skal kontakt dem ved sp\u00f8rgsm\u00e5l om vores ungdomstr\u00e6ning. Du finder deres facebook side ved at trykke herunder<\/u><\/h2>\t\t\t\t<\/div>\n\t\t\t\t<\/div>\n\t\t\t\t<div class=\"elementor-element elementor-element-16c105e elementor-widget elementor-widget-button\" data-id=\"16c105e\" data-element_type=\"widget\" data-e-type=\"widget\" data-widget_type=\"button.default\">\n\t\t\t\t<div class=\"elementor-widget-container\">\n\t\t\t\t\t\t\t\t\t<div class=\"elementor-button-wrapper\">\n\t\t\t\t\t<a class=\"elementor-button elementor-button-link elementor-size-sm\" href=\"https:\/\/www.facebook.com\/groups\/698335849362705\">\n\t\t\t\t\t\t<span class=\"elementor-button-content-wrapper\">\n\t\t\t\t\t\t\t\t\t<span class=\"elementor-button-text\">Link til H\u00f8rning Padel Forenings Facebook<\/span>\n\t\t\t\t\t<\/span>\n\t\t\t\t\t<\/a>\n\t\t\t\t<\/div>\n\t\t\t\t\t\t\t\t<\/div>\n\t\t\t\t<\/div>\n\t\t<div class=\"elementor-element elementor-element-c8ebc0f e-grid e-con-full e-con e-child\" data-id=\"c8ebc0f\" data-element_type=\"container\" data-e-type=\"container\">\n\t\t\t\t<div class=\"elementor-element elementor-element-f757cc6 elementor-widget elementor-widget-image\" data-id=\"f757cc6\" data-element_type=\"widget\" data-e-type=\"widget\" data-widget_type=\"image.default\">\n\t\t\t\t<div class=\"elementor-widget-container\">\n\t\t\t\t\t\t\t\t\t\t\t\t\t\t\t<img fetchpriority=\"high\" decoding=\"async\" width=\"768\" height=\"1024\" src=\"https:\/\/padelton.dk\/wp-content\/uploads\/2024\/10\/image00024-1-768x1024.jpeg\" class=\"attachment-large size-large wp-image-773\" alt=\"\" srcset=\"https:\/\/padelton.dk\/wp-content\/uploads\/2024\/10\/image00024-1-768x1024.jpeg 768w, https:\/\/padelton.dk\/wp-content\/uploads\/2024\/10\/image00024-1-225x300.jpeg 225w, https:\/\/padelton.dk\/wp-content\/uploads\/2024\/10\/image00024-1-1152x1536.jpeg 1152w, https:\/\/padelton.dk\/wp-content\/uploads\/2024\/10\/image00024-1-1536x2048.jpeg 1536w, https:\/\/padelton.dk\/wp-content\/uploads\/2024\/10\/image00024-1-scaled.jpeg 1920w\" sizes=\"(max-width: 768px) 100vw, 768px\" \/>\t\t\t\t\t\t\t\t\t\t\t\t\t\t\t<\/div>\n\t\t\t\t<\/div>\n\t\t\t\t<div class=\"elementor-element elementor-element-44fb4e4 elementor-widget elementor-widget-image\" data-id=\"44fb4e4\" data-element_type=\"widget\" data-e-type=\"widget\" data-widget_type=\"image.default\">\n\t\t\t\t<div class=\"elementor-widget-container\">\n\t\t\t\t\t\t\t\t\t\t\t\t\t\t\t<img decoding=\"async\" width=\"768\" height=\"1024\" src=\"https:\/\/padelton.dk\/wp-content\/uploads\/2024\/10\/image00016-1-768x1024.jpeg\" class=\"attachment-large size-large wp-image-765\" alt=\"\" srcset=\"https:\/\/padelton.dk\/wp-content\/uploads\/2024\/10\/image00016-1-768x1024.jpeg 768w, https:\/\/padelton.dk\/wp-content\/uploads\/2024\/10\/image00016-1-225x300.jpeg 225w, https:\/\/padelton.dk\/wp-content\/uploads\/2024\/10\/image00016-1-1152x1536.jpeg 1152w, https:\/\/padelton.dk\/wp-content\/uploads\/2024\/10\/image00016-1-1536x2048.jpeg 1536w, https:\/\/padelton.dk\/wp-content\/uploads\/2024\/10\/image00016-1-scaled.jpeg 1920w\" sizes=\"(max-width: 768px) 100vw, 768px\" \/>\t\t\t\t\t\t\t\t\t\t\t\t\t\t\t<\/div>\n\t\t\t\t<\/div>\n\t\t\t\t<div class=\"elementor-element elementor-element-5a8cf22 elementor-widget elementor-widget-image\" data-id=\"5a8cf22\" data-element_type=\"widget\" data-e-type=\"widget\" data-widget_type=\"image.default\">\n\t\t\t\t<div class=\"elementor-widget-container\">\n\t\t\t\t\t\t\t\t\t\t\t\t\t\t\t<img decoding=\"async\" width=\"768\" height=\"1024\" src=\"https:\/\/padelton.dk\/wp-content\/uploads\/2024\/10\/image00018-768x1024.jpeg\" class=\"attachment-large size-large wp-image-727\" alt=\"\" srcset=\"https:\/\/padelton.dk\/wp-content\/uploads\/2024\/10\/image00018-768x1024.jpeg 768w, https:\/\/padelton.dk\/wp-content\/uploads\/2024\/10\/image00018-225x300.jpeg 225w, https:\/\/padelton.dk\/wp-content\/uploads\/2024\/10\/image00018-1152x1536.jpeg 1152w, https:\/\/padelton.dk\/wp-content\/uploads\/2024\/10\/image00018-1536x2048.jpeg 1536w, https:\/\/padelton.dk\/wp-content\/uploads\/2024\/10\/image00018-scaled.jpeg 1920w\" sizes=\"(max-width: 768px) 100vw, 768px\" \/>\t\t\t\t\t\t\t\t\t\t\t\t\t\t\t<\/div>\n\t\t\t\t<\/div>\n\t\t\t\t<div class=\"elementor-element elementor-element-7ab223f elementor-widget elementor-widget-image\" data-id=\"7ab223f\" data-element_type=\"widget\" data-e-type=\"widget\" data-widget_type=\"image.default\">\n\t\t\t\t<div class=\"elementor-widget-container\">\n\t\t\t\t\t\t\t\t\t\t\t\t\t\t\t<img loading=\"lazy\" decoding=\"async\" width=\"680\" height=\"907\" src=\"https:\/\/padelton.dk\/wp-content\/uploads\/2024\/10\/image00022-1.jpeg\" class=\"attachment-large size-large wp-image-771\" alt=\"\" srcset=\"https:\/\/padelton.dk\/wp-content\/uploads\/2024\/10\/image00022-1.jpeg 680w, https:\/\/padelton.dk\/wp-content\/uploads\/2024\/10\/image00022-1-225x300.jpeg 225w\" sizes=\"(max-width: 680px) 100vw, 680px\" \/>\t\t\t\t\t\t\t\t\t\t\t\t\t\t\t<\/div>\n\t\t\t\t<\/div>\n\t\t\t\t<div class=\"elementor-element elementor-element-2b0e8ba elementor-widget elementor-widget-image\" data-id=\"2b0e8ba\" data-element_type=\"widget\" data-e-type=\"widget\" data-widget_type=\"image.default\">\n\t\t\t\t<div class=\"elementor-widget-container\">\n\t\t\t\t\t\t\t\t\t\t\t\t\t\t\t<img loading=\"lazy\" decoding=\"async\" width=\"768\" height=\"1024\" src=\"https:\/\/padelton.dk\/wp-content\/uploads\/2024\/10\/image00013-768x1024.jpeg\" class=\"attachment-large size-large wp-image-722\" alt=\"\" srcset=\"https:\/\/padelton.dk\/wp-content\/uploads\/2024\/10\/image00013-768x1024.jpeg 768w, https:\/\/padelton.dk\/wp-content\/uploads\/2024\/10\/image00013-225x300.jpeg 225w, https:\/\/padelton.dk\/wp-content\/uploads\/2024\/10\/image00013-1152x1536.jpeg 1152w, https:\/\/padelton.dk\/wp-content\/uploads\/2024\/10\/image00013-1536x2048.jpeg 1536w, https:\/\/padelton.dk\/wp-content\/uploads\/2024\/10\/image00013-scaled.jpeg 1920w\" sizes=\"(max-width: 768px) 100vw, 768px\" \/>\t\t\t\t\t\t\t\t\t\t\t\t\t\t\t<\/div>\n\t\t\t\t<\/div>\n\t\t\t\t<div class=\"elementor-element elementor-element-a7243af elementor-widget elementor-widget-image\" data-id=\"a7243af\" data-element_type=\"widget\" data-e-type=\"widget\" data-widget_type=\"image.default\">\n\t\t\t\t<div class=\"elementor-widget-container\">\n\t\t\t\t\t\t\t\t\t\t\t\t\t\t\t<img loading=\"lazy\" decoding=\"async\" width=\"768\" height=\"1024\" src=\"https:\/\/padelton.dk\/wp-content\/uploads\/2024\/10\/image00015-1-768x1024.jpeg\" class=\"attachment-large size-large wp-image-764\" alt=\"\" srcset=\"https:\/\/padelton.dk\/wp-content\/uploads\/2024\/10\/image00015-1-768x1024.jpeg 768w, https:\/\/padelton.dk\/wp-content\/uploads\/2024\/10\/image00015-1-225x300.jpeg 225w, https:\/\/padelton.dk\/wp-content\/uploads\/2024\/10\/image00015-1-1152x1536.jpeg 1152w, https:\/\/padelton.dk\/wp-content\/uploads\/2024\/10\/image00015-1-1536x2048.jpeg 1536w, https:\/\/padelton.dk\/wp-content\/uploads\/2024\/10\/image00015-1-scaled.jpeg 1920w\" sizes=\"(max-width: 768px) 100vw, 768px\" \/>\t\t\t\t\t\t\t\t\t\t\t\t\t\t\t<\/div>\n\t\t\t\t<\/div>\n\t\t\t\t<\/div>\n\t\t\t\t<\/div>\n\t\t\t\t\t<\/div>\n\t\t\t\t<\/div>\n\t\t<div class=\"elementor-element elementor-element-c85028b e-flex e-con-boxed e-con e-parent\" data-id=\"c85028b\" data-element_type=\"container\" data-e-type=\"container\">\n\t\t\t\t\t<div class=\"e-con-inner\">\n\t\t\t\t<div class=\"elementor-element elementor-element-46ddde7 elementor-widget elementor-widget-video\" data-id=\"46ddde7\" data-element_type=\"widget\" data-e-type=\"widget\" data-settings=\"{&quot;youtube_url&quot;:&quot;https:\\\/\\\/www.youtube.com\\\/watch?v=q-koZLobaF8&quot;,&quot;video_type&quot;:&quot;youtube&quot;,&quot;controls&quot;:&quot;yes&quot;}\" data-widget_type=\"video.default\">\n\t\t\t\t<div class=\"elementor-widget-container\">\n\t\t\t\t\t\t\t<div class=\"elementor-wrapper elementor-open-inline\">\n\t\t\t<div class=\"elementor-video\"><\/div>\t\t<\/div>\n\t\t\t\t\t\t<\/div>\n\t\t\t\t<\/div>\n\t\t\t\t\t<\/div>\n\t\t\t\t<\/div>\n\t\t<div class=\"elementor-element elementor-element-101f0742 e-flex e-con-boxed e-con e-parent\" data-id=\"101f0742\" data-element_type=\"container\" data-e-type=\"container\">\n\t\t\t\t\t<div class=\"e-con-inner\">\n\t\t<div class=\"elementor-element elementor-element-31c9d9d8 e-con-full e-flex e-con e-child\" data-id=\"31c9d9d8\" data-element_type=\"container\" data-e-type=\"container\">\n\t\t\t\t<div class=\"elementor-element elementor-element-7dc76b29 elementor-widget elementor-widget-heading\" data-id=\"7dc76b29\" data-element_type=\"widget\" data-e-type=\"widget\" data-widget_type=\"heading.default\">\n\t\t\t\t<div class=\"elementor-widget-container\">\n\t\t\t\t\t<h2 class=\"elementor-heading-title elementor-size-default\">VORES SAMARBEJDSPARTNERE P\u00c5 UNGDOMSKONCEPTET<\/h2>\t\t\t\t<\/div>\n\t\t\t\t<\/div>\n\t\t\t\t<\/div>\n\t\t<div class=\"elementor-element elementor-element-2d188f5c e-con-full e-flex e-con e-child\" data-id=\"2d188f5c\" data-element_type=\"container\" data-e-type=\"container\">\n\t\t\t\t<div class=\"elementor-element elementor-element-7b80f0ff elementor-align-right elementor-widget elementor-widget-button\" data-id=\"7b80f0ff\" data-element_type=\"widget\" data-e-type=\"widget\" data-widget_type=\"button.default\">\n\t\t\t\t<div class=\"elementor-widget-container\">\n\t\t\t\t\t\t\t\t\t<div class=\"elementor-button-wrapper\">\n\t\t\t\t\t<a class=\"elementor-button elementor-button-link elementor-size-sm\" href=\"#\">\n\t\t\t\t\t\t<span class=\"elementor-button-content-wrapper\">\n\t\t\t\t\t\t\t\t\t<span class=\"elementor-button-text\">BLIV SPONSOR<\/span>\n\t\t\t\t\t<\/span>\n\t\t\t\t\t<\/a>\n\t\t\t\t<\/div>\n\t\t\t\t\t\t\t\t<\/div>\n\t\t\t\t<\/div>\n\t\t\t\t<\/div>\n\t\t\t\t\t<\/div>\n\t\t\t\t<\/div>\n\t\t<div class=\"elementor-element elementor-element-109b7ae4 e-flex e-con-boxed e-con e-parent\" data-id=\"109b7ae4\" data-element_type=\"container\" data-e-type=\"container\">\n\t\t\t\t\t<div class=\"e-con-inner\">\n\t\t\t\t<div class=\"elementor-element elementor-element-79e84c1b elementor-widget elementor-widget-image-gallery\" data-id=\"79e84c1b\" data-element_type=\"widget\" data-e-type=\"widget\" data-widget_type=\"image-gallery.default\">\n\t\t\t\t<div class=\"elementor-widget-container\">\n\t\t\t\t\t\t\t<div class=\"elementor-image-gallery\">\n\t\t\t<div id='gallery-1' class='gallery galleryid-798 gallery-columns-6 gallery-size-thumbnail'><figure class='gallery-item'>\n\t\t\t<div class='gallery-icon landscape'>\n\t\t\t\t<a data-elementor-open-lightbox=\"yes\" data-elementor-lightbox-slideshow=\"79e84c1b\" data-elementor-lightbox-title=\"Middelfart Sparekasse\" data-e-action-hash=\"#elementor-action%3Aaction%3Dlightbox%26settings%3DeyJpZCI6ODAzLCJ1cmwiOiJodHRwczpcL1wvcGFkZWx0b24uZGtcL3dwLWNvbnRlbnRcL3VwbG9hZHNcLzIwMjRcLzEwXC9NaWRkZWxmYXJ0LVNwYXJla2Fzc2UtMS5wbmciLCJzbGlkZXNob3ciOiI3OWU4NGMxYiJ9\" href='https:\/\/padelton.dk\/wp-content\/uploads\/2024\/10\/Middelfart-Sparekasse-1.png'><img loading=\"lazy\" decoding=\"async\" width=\"150\" height=\"150\" src=\"https:\/\/padelton.dk\/wp-content\/uploads\/2024\/10\/Middelfart-Sparekasse-1-150x150.png\" class=\"attachment-thumbnail size-thumbnail\" alt=\"\" aria-describedby=\"gallery-1-803\" srcset=\"https:\/\/padelton.dk\/wp-content\/uploads\/2024\/10\/Middelfart-Sparekasse-1-150x150.png 150w, https:\/\/padelton.dk\/wp-content\/uploads\/2024\/10\/Middelfart-Sparekasse-1-300x300.png 300w, https:\/\/padelton.dk\/wp-content\/uploads\/2024\/10\/Middelfart-Sparekasse-1-1024x1022.png 1024w, https:\/\/padelton.dk\/wp-content\/uploads\/2024\/10\/Middelfart-Sparekasse-1-768x767.png 768w, https:\/\/padelton.dk\/wp-content\/uploads\/2024\/10\/Middelfart-Sparekasse-1.png 1075w\" sizes=\"(max-width: 150px) 100vw, 150px\" \/><\/a>\n\t\t\t<\/div>\n\t\t\t\t<figcaption class='wp-caption-text gallery-caption' id='gallery-1-803'>\n\t\t\t\tMiddelfart Sparekasse H\u00f8rning\n\t\t\t\t<\/figcaption><\/figure><figure class='gallery-item'>\n\t\t\t<div class='gallery-icon landscape'>\n\t\t\t\t<a data-elementor-open-lightbox=\"yes\" data-elementor-lightbox-slideshow=\"79e84c1b\" data-elementor-lightbox-title=\"Web2media Logo\" data-e-action-hash=\"#elementor-action%3Aaction%3Dlightbox%26settings%3DeyJpZCI6ODA0LCJ1cmwiOiJodHRwczpcL1wvcGFkZWx0b24uZGtcL3dwLWNvbnRlbnRcL3VwbG9hZHNcLzIwMjRcLzEwXC9XZWIybWVkaWEtTG9nby5wbmciLCJzbGlkZXNob3ciOiI3OWU4NGMxYiJ9\" href='https:\/\/padelton.dk\/wp-content\/uploads\/2024\/10\/Web2media-Logo.png'><img loading=\"lazy\" decoding=\"async\" width=\"150\" height=\"150\" src=\"https:\/\/padelton.dk\/wp-content\/uploads\/2024\/10\/Web2media-Logo-150x150.png\" class=\"attachment-thumbnail size-thumbnail\" alt=\"\" aria-describedby=\"gallery-1-804\" srcset=\"https:\/\/padelton.dk\/wp-content\/uploads\/2024\/10\/Web2media-Logo-150x150.png 150w, https:\/\/padelton.dk\/wp-content\/uploads\/2024\/10\/Web2media-Logo-300x300.png 300w, https:\/\/padelton.dk\/wp-content\/uploads\/2024\/10\/Web2media-Logo-768x766.png 768w, https:\/\/padelton.dk\/wp-content\/uploads\/2024\/10\/Web2media-Logo.png 847w\" sizes=\"(max-width: 150px) 100vw, 150px\" \/><\/a>\n\t\t\t<\/div>\n\t\t\t\t<figcaption class='wp-caption-text gallery-caption' id='gallery-1-804'>\n\t\t\t\tWeb2Media v\/Kim J\u00f8rgensen\n\t\t\t\t<\/figcaption><\/figure><figure class='gallery-item'>\n\t\t\t<div class='gallery-icon portrait'>\n\t\t\t\t<a data-elementor-open-lightbox=\"yes\" data-elementor-lightbox-slideshow=\"79e84c1b\" data-elementor-lightbox-title=\"Sport24 logo\" data-e-action-hash=\"#elementor-action%3Aaction%3Dlightbox%26settings%3DeyJpZCI6ODA1LCJ1cmwiOiJodHRwczpcL1wvcGFkZWx0b24uZGtcL3dwLWNvbnRlbnRcL3VwbG9hZHNcLzIwMjRcLzEwXC9TcG9ydDI0LWxvZ28ucG5nIiwic2xpZGVzaG93IjoiNzllODRjMWIifQ%3D%3D\" href='https:\/\/padelton.dk\/wp-content\/uploads\/2024\/10\/Sport24-logo.png'><img loading=\"lazy\" decoding=\"async\" width=\"150\" height=\"150\" src=\"https:\/\/padelton.dk\/wp-content\/uploads\/2024\/10\/Sport24-logo-150x150.png\" class=\"attachment-thumbnail size-thumbnail\" alt=\"\" aria-describedby=\"gallery-1-805\" srcset=\"https:\/\/padelton.dk\/wp-content\/uploads\/2024\/10\/Sport24-logo-150x150.png 150w, https:\/\/padelton.dk\/wp-content\/uploads\/2024\/10\/Sport24-logo.png 229w\" sizes=\"(max-width: 150px) 100vw, 150px\" \/><\/a>\n\t\t\t<\/div>\n\t\t\t\t<figcaption class='wp-caption-text gallery-caption' id='gallery-1-805'>\n\t\t\t\tSport24\n\t\t\t\t<\/figcaption><\/figure><figure class='gallery-item'>\n\t\t\t<div class='gallery-icon landscape'>\n\t\t\t\t<a data-elementor-open-lightbox=\"yes\" data-elementor-lightbox-slideshow=\"79e84c1b\" data-elementor-lightbox-title=\"SCHANTZ REVISION paddel\" data-e-action-hash=\"#elementor-action%3Aaction%3Dlightbox%26settings%3DeyJpZCI6NTkzLCJ1cmwiOiJodHRwczpcL1wvcGFkZWx0b24uZGtcL3dwLWNvbnRlbnRcL3VwbG9hZHNcLzIwMjNcLzEwXC9TQ0hBTlRaLVJFVklTSU9OLXBhZGRlbC5wbmciLCJzbGlkZXNob3ciOiI3OWU4NGMxYiJ9\" href='https:\/\/padelton.dk\/wp-content\/uploads\/2023\/10\/SCHANTZ-REVISION-paddel.png'><img loading=\"lazy\" decoding=\"async\" width=\"150\" height=\"150\" src=\"https:\/\/padelton.dk\/wp-content\/uploads\/2023\/10\/SCHANTZ-REVISION-paddel-150x150.png\" class=\"attachment-thumbnail size-thumbnail\" alt=\"\" aria-describedby=\"gallery-1-593\" srcset=\"https:\/\/padelton.dk\/wp-content\/uploads\/2023\/10\/SCHANTZ-REVISION-paddel-150x150.png 150w, https:\/\/padelton.dk\/wp-content\/uploads\/2023\/10\/SCHANTZ-REVISION-paddel-300x300.png 300w, https:\/\/padelton.dk\/wp-content\/uploads\/2023\/10\/SCHANTZ-REVISION-paddel-768x768.png 768w, https:\/\/padelton.dk\/wp-content\/uploads\/2023\/10\/SCHANTZ-REVISION-paddel.png 1019w\" sizes=\"(max-width: 150px) 100vw, 150px\" \/><\/a>\n\t\t\t<\/div>\n\t\t\t\t<figcaption class='wp-caption-text gallery-caption' id='gallery-1-593'>\n\t\t\t\tSchantz Revision\n\t\t\t\t<\/figcaption><\/figure><figure class='gallery-item'>\n\t\t\t<div class='gallery-icon landscape'>\n\t\t\t\t<a data-elementor-open-lightbox=\"yes\" data-elementor-lightbox-slideshow=\"79e84c1b\" data-elementor-lightbox-title=\"KroneKapital_FB-Fallback-1\" data-e-action-hash=\"#elementor-action%3Aaction%3Dlightbox%26settings%3DeyJpZCI6OTUzLCJ1cmwiOiJodHRwczpcL1wvcGFkZWx0b24uZGtcL3dwLWNvbnRlbnRcL3VwbG9hZHNcLzIwMjVcLzAxXC9Lcm9uZUthcGl0YWxfRkItRmFsbGJhY2stMS5wbmciLCJzbGlkZXNob3ciOiI3OWU4NGMxYiJ9\" href='https:\/\/padelton.dk\/wp-content\/uploads\/2025\/01\/KroneKapital_FB-Fallback-1.png'><img loading=\"lazy\" decoding=\"async\" width=\"150\" height=\"150\" src=\"https:\/\/padelton.dk\/wp-content\/uploads\/2025\/01\/KroneKapital_FB-Fallback-1-150x150.png\" class=\"attachment-thumbnail size-thumbnail\" alt=\"\" aria-describedby=\"gallery-1-953\" \/><\/a>\n\t\t\t<\/div>\n\t\t\t\t<figcaption class='wp-caption-text gallery-caption' id='gallery-1-953'>\n\t\t\t\tKrone Kapital A\/S\n\t\t\t\t<\/figcaption><\/figure><figure class='gallery-item'>\n\t\t\t<div class='gallery-icon landscape'>\n\t\t\t\t<a data-elementor-open-lightbox=\"yes\" data-elementor-lightbox-slideshow=\"79e84c1b\" data-elementor-lightbox-title=\"mr-bjerg-logo\" data-e-action-hash=\"#elementor-action%3Aaction%3Dlightbox%26settings%3DeyJpZCI6OTU2LCJ1cmwiOiJodHRwczpcL1wvcGFkZWx0b24uZGtcL3dwLWNvbnRlbnRcL3VwbG9hZHNcLzIwMjVcLzAxXC9tci1iamVyZy1sb2dvLndlYnAiLCJzbGlkZXNob3ciOiI3OWU4NGMxYiJ9\" href='https:\/\/padelton.dk\/wp-content\/uploads\/2025\/01\/mr-bjerg-logo.webp'><img loading=\"lazy\" decoding=\"async\" width=\"150\" height=\"150\" src=\"https:\/\/padelton.dk\/wp-content\/uploads\/2025\/01\/mr-bjerg-logo-150x150.webp\" class=\"attachment-thumbnail size-thumbnail\" alt=\"\" aria-describedby=\"gallery-1-956\" \/><\/a>\n\t\t\t<\/div>\n\t\t\t\t<figcaption class='wp-caption-text gallery-caption' id='gallery-1-956'>\n\t\t\t\tMr. Bjerg Skanderborg\n\t\t\t\t<\/figcaption><\/figure>\n\t\t<\/div>\n\t\t<\/div>\n\t\t\t\t\t\t<\/div>\n\t\t\t\t<\/div>\n\t\t\t\t\t<\/div>\n\t\t\t\t<\/div>\n\t\t<div class=\"elementor-element elementor-element-7af57de e-flex e-con-boxed e-con e-parent\" data-id=\"7af57de\" data-element_type=\"container\" data-e-type=\"container\">\n\t\t\t\t\t<div class=\"e-con-inner\">\n\t\t\t\t\t<\/div>\n\t\t\t\t<\/div>\n\t\t<div class=\"elementor-element elementor-element-78f4330 e-flex e-con-boxed e-con e-parent\" data-id=\"78f4330\" data-element_type=\"container\" data-e-type=\"container\">\n\t\t\t\t\t<div class=\"e-con-inner\">\n\t\t\t\t\t<\/div>\n\t\t\t\t<\/div>\n\t\t\t\t<\/div>\n\t\t","protected":false},"excerpt":{"rendered":"<p>Ungdomstr\u00e6ning i Padelton H\u00f8rning Padelton startede i efter\u00e5ret 2023 et ungdomskoncept op i samarbejde med Web2Media. Fra efter\u00e5ret 2025 er alle vores ungdomsmedlemmer overdraget til H\u00f8rning Padel Forening, hvorfor du skal kontakt dem ved sp\u00f8rgsm\u00e5l om vores ungdomstr\u00e6ning. Du finder deres facebook side ved at trykke herunder Link til H\u00f8rning Padel Forenings Facebook VORES SAMARBEJDSPARTNERE &hellip;<\/p>\n<p class=\"read-more\"> <a class=\"\" href=\"https:\/\/padelton.dk\/?page_id=798\"> <span class=\"screen-reader-text\">Ungdomstr\u00e6ning \/By Padelton<\/span> Read More &raquo;<\/a><\/p>\n","protected":false},"author":1,"featured_media":0,"parent":0,"menu_order":0,"comment_status":"closed","ping_status":"closed","template":"","meta":{"site-sidebar-layout":"no-sidebar","site-content-layout":"","ast-site-content-layout":"full-width-container","site-content-style":"default","site-sidebar-style":"default","ast-global-header-display":"","ast-banner-title-visibility":"","ast-main-header-display":"","ast-hfb-above-header-display":"","ast-hfb-below-header-display":"","ast-hfb-mobile-header-display":"","site-post-title":"disabled","ast-breadcrumbs-content":"","ast-featured-img":"disabled","footer-sml-layout":"","theme-transparent-header-meta":"","adv-header-id-meta":"","stick-header-meta":"","header-above-stick-meta":"","header-main-stick-meta":"","header-below-stick-meta":"","astra-migrate-meta-layouts":"","footnotes":""},"class_list":["post-798","page","type-page","status-publish","hentry"],"_links":{"self":[{"href":"https:\/\/padelton.dk\/index.php?rest_route=\/wp\/v2\/pages\/798","targetHints":{"allow":["GET"]}}],"collection":[{"href":"https:\/\/padelton.dk\/index.php?rest_route=\/wp\/v2\/pages"}],"about":[{"href":"https:\/\/padelton.dk\/index.php?rest_route=\/wp\/v2\/types\/page"}],"author":[{"embeddable":true,"href":"https:\/\/padelton.dk\/index.php?rest_route=\/wp\/v2\/users\/1"}],"replies":[{"embeddable":true,"href":"https:\/\/padelton.dk\/index.php?rest_route=%2Fwp%2Fv2%2Fcomments&post=798"}],"version-history":[{"count":97,"href":"https:\/\/padelton.dk\/index.php?rest_route=\/wp\/v2\/pages\/798\/revisions"}],"predecessor-version":[{"id":979,"href":"https:\/\/padelton.dk\/index.php?rest_route=\/wp\/v2\/pages\/798\/revisions\/979"}],"wp:attachment":[{"href":"https:\/\/padelton.dk\/index.php?rest_route=%2Fwp%2Fv2%2Fmedia&parent=798"}],"curies":[{"name":"wp","href":"https:\/\/api.w.org\/{rel}","templated":true}]}}